{"id":5826,"date":"2024-02-14T13:18:50","date_gmt":"2024-02-14T11:18:50","guid":{"rendered":"https:\/\/stomatologijasinstituts.lv\/?page_id=5826"},"modified":"2024-04-30T15:13:15","modified_gmt":"2024-04-30T13:13:15","slug":"procedure-for-handling-patient-complaints-submissions","status":"publish","type":"page","link":"https:\/\/stomatologijasinstituts.lv\/en\/for-patients\/procedure-for-handling-patient-complaints-submissions\/","title":{"rendered":"Procedure for Handling Patient Complaints\/Submissions"},"content":{"rendered":"\n<p>Information relating to an identified or identifiable patient shall be protected in accordance with the laws and regulations governing the protection of personal data; therefore, SIA&nbsp;\u201cR\u012bgas Stradi\u0146a universit\u0101tes Stomatolo\u0123ijas instit\u016bts\u201d <em>(Riga Stradi\u0146\u0161 University Institute of Stomatology)<\/em>, hereinafter \u2013 the Institute, shall respond to patient submissions prepared in the official State language, in free form, or using <a href=\"https:\/\/stomatologijasinstituts.lv\/wp-content\/uploads\/2023\/07\/Veidlapa_SUDZIBA_LV.doc\">the form<\/a>*, signed with a secure electronic signature or hand-signed, and submitted:<\/p>\n\n\n\n<ul>\n<li><strong>in paper format <\/strong>(in person, by submitting it to the registrar \u2013 Room&nbsp;108) working hours 08:00\u201316:00 (hand-signed);<\/li>\n\n\n\n<li><strong>electronically: <\/strong><a href=\"mailto:info@rsusi.lv\"><strong>info@rsusi.lv<\/strong><\/a> or <strong>at the <u>e-address<\/u> <\/strong>(signed with a secure electronic signature);<\/li>\n\n\n\n<li><strong>by mail: <\/strong>SIA&nbsp;\u201cR\u012bgas Stradi\u0146a universit\u0101tes Stomatolo\u0123ijas instit\u016bts\u201d, Dzirciema iela&nbsp;20, Riga, LV-1007 (hand-signed);<\/li>\n\n\n\n<li><strong>orally: <\/strong>The Quality Manager writes down the complaint\/report according to oral information provided by the patient. When making an oral complaint, the patient shall present an identification document (passport or ID card).<\/li>\n<\/ul>\n\n\n\n<p><strong>Content of the submission<\/strong><\/p>\n\n\n\n<ul>\n<li>name, surname, personal identity number of the patient;<\/li>\n\n\n\n<li>description of the complaint \u2013 in free form or using the form specified herein above;<\/li>\n\n\n\n<li>all information shall be legible, true, and as detailed as possible, and shall accurately describe the course of events and mention the key facts indicating the essence of the complaint\/report;<\/li>\n\n\n\n<li>date of execution of the document, and the signature with the transcript thereof (if the submission is hand-signed and does not contain a timestamp).<\/li>\n<\/ul>\n\n\n\n<p><strong>Submitter of the complaint:<\/strong><\/p>\n\n\n\n<p>Any natural person over the age of 18, or his or her authorised person or lawful representative, who considers that he or she has suffered harm during the provision of a healthcare service.<\/p>\n\n\n\n<p><strong>If the authorised representative or lawful representative (trustee) of the patient wishes to receive a reply to the complaint\/submission, the submission shall contain:<\/strong><\/p>\n\n\n\n<ul>\n<li>name surname, e-mail address of the applicant;<\/li>\n\n\n\n<li>a copy of the document confirming lawful representation (trusteeship);<\/li>\n\n\n\n<li>a copy of the power of attorney of the patient certified by a notary, specifying the issuer, registration number and date of issue.<\/li>\n<\/ul>\n\n\n\n<p><strong>The complaint\/submission will not be reviewed if:<\/strong><\/p>\n\n\n\n<ul>\n<li>the content is harmful to the dignity and\/or honour of a person;<\/li>\n\n\n\n<li>the review thereof is outside the competence of the Institute;<\/li>\n\n\n\n<li>it is submitted anonymously, without the possibility of identifying the addressee;<\/li>\n\n\n\n<li>it is not submitted in the official State language.<\/li>\n<\/ul>\n\n\n\n<p><strong>The complaint\/submission will be handled and a reply will be prepared within the time limits set out in Section&nbsp;5 of the <em>Law on Submissions<\/em>:<\/strong><\/p>\n\n\n\n<ul>\n<li>on a first-come, first-served basis, in relation to other submissions (complaints\/submissions);<\/li>\n\n\n\n<li>as soon as possible, but no longer than within one month;<\/li>\n\n\n\n<li>in writing.<\/li>\n<\/ul>\n\n\n\n<p>A reply shall be provided on its merits within a reasonable time period, taking into account the urgency of addressing the issue referred to in the submission, but no later than within one month after the receipt of the submission.<\/p>\n\n\n\n<p>Sections&nbsp;16 and 17 of the Law on the Rights of Patients provide for the right of the patient to compensation for any harm caused to his or her life or health.<\/p>\n\n\n\n<p><strong>The patient has the right to:<\/strong><\/p>\n\n\n\n<ul>\n<li>compensation for any harm (also moral harm) caused to his or her life or health by the medical practitioners working in the medical treatment institution through his or her acts or failure to act, or by the conditions during medical treatment;<\/li>\n\n\n\n<li>&nbsp;compensation for expenses related to medical treatment necessary to eliminate or reduce the harm.<\/li>\n<\/ul>\n\n\n\n<p>For the patient to claim compensation from the Medical Treatment Risk Fund, he or she shall file the submission to the Health Inspectorate, Klij\u0101nu iela&nbsp;7, LV-1012. The submission may be filed in person, by mail or filed electronically to the e-mail address <a href=\"mailto:vi@vi.gov.lv\">vi@vi.gov.lv<\/a>, provided that it is signed with a secure electronic signature and not accompanied with the documents for which originals must be mandatorily submitted or presented.<\/p>\n","protected":false},"excerpt":{"rendered":"<p>Information relating to an identified or identifiable patient shall be protected in accordance with the laws and regulations governing the protection of personal data; therefore, SIA&nbsp;\u201cR\u012bgas Stradi\u0146a universit\u0101tes Stomatolo\u0123ijas instit\u016bts\u201d (Riga Stradi\u0146\u0161 University Institute of Stomatology), hereinafter \u2013 the Institute, shall respond to patient submissions prepared in the official State language, in free form, or [&hellip;]<\/p>\n","protected":false},"author":2,"featured_media":0,"parent":5823,"menu_order":0,"comment_status":"closed","ping_status":"closed","template":"","meta":{"inline_featured_image":false},"acf":[],"yoast_head":"<!-- This site is optimized with the Yoast SEO plugin v20.7 - https:\/\/yoast.com\/wordpress\/plugins\/seo\/ -->\n<title>Procedure for Handling Patient Complaints\/Submissions - R\u012bgas Stradi\u0146a universit\u0101tes stomatolo\u0123ijas instit\u016bts<\/title>\n<meta name=\"robots\" content=\"index, follow, max-snippet:-1, max-image-preview:large, max-video-preview:-1\" \/>\n<link rel=\"canonical\" href=\"https:\/\/stomatologijasinstituts.lv\/en\/for-patients\/procedure-for-handling-patient-complaints-submissions\/\" \/>\n<meta property=\"og:locale\" content=\"en_US\" \/>\n<meta property=\"og:type\" content=\"article\" \/>\n<meta property=\"og:title\" content=\"Procedure for Handling Patient Complaints\/Submissions - R\u012bgas Stradi\u0146a universit\u0101tes stomatolo\u0123ijas instit\u016bts\" \/>\n<meta property=\"og:description\" content=\"Information relating to an identified or identifiable patient shall be protected in accordance with the laws and regulations governing the protection of personal data; therefore, SIA&nbsp;\u201cR\u012bgas Stradi\u0146a universit\u0101tes Stomatolo\u0123ijas instit\u016bts\u201d (Riga Stradi\u0146\u0161 University Institute of Stomatology), hereinafter \u2013 the Institute, shall respond to patient submissions prepared in the official State language, in free form, or [&hellip;]\" \/>\n<meta property=\"og:url\" content=\"https:\/\/stomatologijasinstituts.lv\/en\/for-patients\/procedure-for-handling-patient-complaints-submissions\/\" \/>\n<meta property=\"og:site_name\" content=\"R\u012bgas Stradi\u0146a universit\u0101tes stomatolo\u0123ijas instit\u016bts\" \/>\n<meta property=\"article:modified_time\" content=\"2024-04-30T13:13:15+00:00\" \/>\n<meta property=\"og:image\" content=\"https:\/\/stomatologijasinstituts.lv\/wp-content\/uploads\/2022\/09\/rsu.png\" \/>\n\t<meta property=\"og:image:width\" content=\"600\" \/>\n\t<meta property=\"og:image:height\" content=\"600\" \/>\n\t<meta property=\"og:image:type\" content=\"image\/png\" \/>\n<meta name=\"twitter:card\" content=\"summary_large_image\" \/>\n<meta name=\"twitter:label1\" content=\"Est. reading time\" \/>\n\t<meta name=\"twitter:data1\" content=\"4 minutes\" \/>\n<script type=\"application\/ld+json\" class=\"yoast-schema-graph\">{\"@context\":\"https:\/\/schema.org\",\"@graph\":[{\"@type\":\"WebPage\",\"@id\":\"https:\/\/stomatologijasinstituts.lv\/en\/for-patients\/procedure-for-handling-patient-complaints-submissions\/\",\"url\":\"https:\/\/stomatologijasinstituts.lv\/en\/for-patients\/procedure-for-handling-patient-complaints-submissions\/\",\"name\":\"Procedure for Handling Patient Complaints\/Submissions - R\u012bgas Stradi\u0146a universit\u0101tes stomatolo\u0123ijas instit\u016bts\",\"isPartOf\":{\"@id\":\"https:\/\/stomatologijasinstituts.lv\/en\/#website\"},\"datePublished\":\"2024-02-14T11:18:50+00:00\",\"dateModified\":\"2024-04-30T13:13:15+00:00\",\"breadcrumb\":{\"@id\":\"https:\/\/stomatologijasinstituts.lv\/en\/for-patients\/procedure-for-handling-patient-complaints-submissions\/#breadcrumb\"},\"inLanguage\":\"en-US\",\"potentialAction\":[{\"@type\":\"ReadAction\",\"target\":[\"https:\/\/stomatologijasinstituts.lv\/en\/for-patients\/procedure-for-handling-patient-complaints-submissions\/\"]}]},{\"@type\":\"BreadcrumbList\",\"@id\":\"https:\/\/stomatologijasinstituts.lv\/en\/for-patients\/procedure-for-handling-patient-complaints-submissions\/#breadcrumb\",\"itemListElement\":[{\"@type\":\"ListItem\",\"position\":1,\"name\":\"Home\",\"item\":\"https:\/\/stomatologijasinstituts.lv\/en\/\"},{\"@type\":\"ListItem\",\"position\":2,\"name\":\"For patients\",\"item\":\"https:\/\/stomatologijasinstituts.lv\/en\/for-patients\/\"},{\"@type\":\"ListItem\",\"position\":3,\"name\":\"Procedure for Handling Patient Complaints\/Submissions\"}]},{\"@type\":\"WebSite\",\"@id\":\"https:\/\/stomatologijasinstituts.lv\/en\/#website\",\"url\":\"https:\/\/stomatologijasinstituts.lv\/en\/\",\"name\":\"R\u012bgas Stradi\u0146a universit\u0101tes stomatolo\u0123ijas instit\u016bts\",\"description\":\"R\u012bgas Stradi\u0146a universit\u0101tes stomatolo\u0123ijas instit\u016bts\",\"potentialAction\":[{\"@type\":\"SearchAction\",\"target\":{\"@type\":\"EntryPoint\",\"urlTemplate\":\"https:\/\/stomatologijasinstituts.lv\/en\/?s={search_term_string}\"},\"query-input\":\"required name=search_term_string\"}],\"inLanguage\":\"en-US\"}]}<\/script>\n<!-- \/ Yoast SEO plugin. -->","yoast_head_json":{"title":"Procedure for Handling Patient Complaints\/Submissions - R\u012bgas Stradi\u0146a universit\u0101tes stomatolo\u0123ijas instit\u016bts","robots":{"index":"index","follow":"follow","max-snippet":"max-snippet:-1","max-image-preview":"max-image-preview:large","max-video-preview":"max-video-preview:-1"},"canonical":"https:\/\/stomatologijasinstituts.lv\/en\/for-patients\/procedure-for-handling-patient-complaints-submissions\/","og_locale":"en_US","og_type":"article","og_title":"Procedure for Handling Patient Complaints\/Submissions - R\u012bgas Stradi\u0146a universit\u0101tes stomatolo\u0123ijas instit\u016bts","og_description":"Information relating to an identified or identifiable patient shall be protected in accordance with the laws and regulations governing the protection of personal data; therefore, SIA&nbsp;\u201cR\u012bgas Stradi\u0146a universit\u0101tes Stomatolo\u0123ijas instit\u016bts\u201d (Riga Stradi\u0146\u0161 University Institute of Stomatology), hereinafter \u2013 the Institute, shall respond to patient submissions prepared in the official State language, in free form, or [&hellip;]","og_url":"https:\/\/stomatologijasinstituts.lv\/en\/for-patients\/procedure-for-handling-patient-complaints-submissions\/","og_site_name":"R\u012bgas Stradi\u0146a universit\u0101tes stomatolo\u0123ijas instit\u016bts","article_modified_time":"2024-04-30T13:13:15+00:00","og_image":[{"width":600,"height":600,"url":"https:\/\/stomatologijasinstituts.lv\/wp-content\/uploads\/2022\/09\/rsu.png","type":"image\/png"}],"twitter_card":"summary_large_image","twitter_misc":{"Est. reading time":"4 minutes"},"schema":{"@context":"https:\/\/schema.org","@graph":[{"@type":"WebPage","@id":"https:\/\/stomatologijasinstituts.lv\/en\/for-patients\/procedure-for-handling-patient-complaints-submissions\/","url":"https:\/\/stomatologijasinstituts.lv\/en\/for-patients\/procedure-for-handling-patient-complaints-submissions\/","name":"Procedure for Handling Patient Complaints\/Submissions - R\u012bgas Stradi\u0146a universit\u0101tes stomatolo\u0123ijas instit\u016bts","isPartOf":{"@id":"https:\/\/stomatologijasinstituts.lv\/en\/#website"},"datePublished":"2024-02-14T11:18:50+00:00","dateModified":"2024-04-30T13:13:15+00:00","breadcrumb":{"@id":"https:\/\/stomatologijasinstituts.lv\/en\/for-patients\/procedure-for-handling-patient-complaints-submissions\/#breadcrumb"},"inLanguage":"en-US","potentialAction":[{"@type":"ReadAction","target":["https:\/\/stomatologijasinstituts.lv\/en\/for-patients\/procedure-for-handling-patient-complaints-submissions\/"]}]},{"@type":"BreadcrumbList","@id":"https:\/\/stomatologijasinstituts.lv\/en\/for-patients\/procedure-for-handling-patient-complaints-submissions\/#breadcrumb","itemListElement":[{"@type":"ListItem","position":1,"name":"Home","item":"https:\/\/stomatologijasinstituts.lv\/en\/"},{"@type":"ListItem","position":2,"name":"For patients","item":"https:\/\/stomatologijasinstituts.lv\/en\/for-patients\/"},{"@type":"ListItem","position":3,"name":"Procedure for Handling Patient Complaints\/Submissions"}]},{"@type":"WebSite","@id":"https:\/\/stomatologijasinstituts.lv\/en\/#website","url":"https:\/\/stomatologijasinstituts.lv\/en\/","name":"R\u012bgas Stradi\u0146a universit\u0101tes stomatolo\u0123ijas instit\u016bts","description":"R\u012bgas Stradi\u0146a universit\u0101tes stomatolo\u0123ijas instit\u016bts","potentialAction":[{"@type":"SearchAction","target":{"@type":"EntryPoint","urlTemplate":"https:\/\/stomatologijasinstituts.lv\/en\/?s={search_term_string}"},"query-input":"required name=search_term_string"}],"inLanguage":"en-US"}]}},"_links":{"self":[{"href":"https:\/\/stomatologijasinstituts.lv\/en\/wp-json\/wp\/v2\/pages\/5826"}],"collection":[{"href":"https:\/\/stomatologijasinstituts.lv\/en\/wp-json\/wp\/v2\/pages"}],"about":[{"href":"https:\/\/stomatologijasinstituts.lv\/en\/wp-json\/wp\/v2\/types\/page"}],"author":[{"embeddable":true,"href":"https:\/\/stomatologijasinstituts.lv\/en\/wp-json\/wp\/v2\/users\/2"}],"replies":[{"embeddable":true,"href":"https:\/\/stomatologijasinstituts.lv\/en\/wp-json\/wp\/v2\/comments?post=5826"}],"version-history":[{"count":2,"href":"https:\/\/stomatologijasinstituts.lv\/en\/wp-json\/wp\/v2\/pages\/5826\/revisions"}],"predecessor-version":[{"id":6456,"href":"https:\/\/stomatologijasinstituts.lv\/en\/wp-json\/wp\/v2\/pages\/5826\/revisions\/6456"}],"up":[{"embeddable":true,"href":"https:\/\/stomatologijasinstituts.lv\/en\/wp-json\/wp\/v2\/pages\/5823"}],"wp:attachment":[{"href":"https:\/\/stomatologijasinstituts.lv\/en\/wp-json\/wp\/v2\/media?parent=5826"}],"curies":[{"name":"wp","href":"https:\/\/api.w.org\/{rel}","templated":true}]}}