{"id":5823,"date":"2024-02-14T13:21:09","date_gmt":"2024-02-14T11:21:09","guid":{"rendered":"https:\/\/stomatologijasinstituts.lv\/?page_id=5823"},"modified":"2025-02-28T17:13:48","modified_gmt":"2025-02-28T15:13:48","slug":"for-patients","status":"publish","type":"page","link":"https:\/\/stomatologijasinstituts.lv\/en\/for-patients\/","title":{"rendered":"For patients"},"content":{"rendered":"\r\n\r\n\r\n\r\n    <style>\r\n        .stom-categories-grid {\r\n            margin-top: 0;\r\n            margin-bottom: 80px;\r\n        }\r\n        @media only screen and (max-width: 767px) {\r\n            .stom-categories-grid {\r\n                margin-top: 0;\r\n                margin-bottom: 60px;\r\n            }\r\n        }\r\n    <\/style>\r\n\r\n    <div class=\"stom-categories-grid\">\r\n        <div class=\"content\">\r\n            <div class=\"items-grid\">\r\n\r\n                \r\n                <div class=\"item\">\r\n                    <h2><a href=\"https:\/\/stomatologijasinstituts.lv\/en\/procedure-for-handling-patient-complaints-submissions\/\" target=\"\" tabindex=\"-1\">Procedure for Handling Patient Complaints\/Submissions<\/a><\/h2>\r\n                    <div class=\"desc\">\r\n                                            <\/div>\r\n                    <div class=\"cta\">\r\n                        <a href=\"https:\/\/stomatologijasinstituts.lv\/en\/procedure-for-handling-patient-complaints-submissions\/\" target=\"\" tabindex=\"-1\">Learn more<\/a>\r\n                    <\/div>\r\n                    <a href=\"https:\/\/stomatologijasinstituts.lv\/en\/procedure-for-handling-patient-complaints-submissions\/\" target=\"\" class=\"link\"><\/a>\r\n                <\/div>\r\n\r\n                \r\n                <div class=\"item\">\r\n                    <h2><a href=\"https:\/\/stomatologijasinstituts.lv\/en\/procedure-for-requesting-an-extract-true-copy-copy-of-the-medical-documents\/\" target=\"\" tabindex=\"-1\">Procedure for Requesting an Extract\/True Copy\/Copy of the Medical Documents<\/a><\/h2>\r\n                    <div class=\"desc\">\r\n                                            <\/div>\r\n                    <div class=\"cta\">\r\n                        <a href=\"https:\/\/stomatologijasinstituts.lv\/en\/procedure-for-requesting-an-extract-true-copy-copy-of-the-medical-documents\/\" target=\"\" tabindex=\"-1\">Learn more<\/a>\r\n                    <\/div>\r\n                    <a href=\"https:\/\/stomatologijasinstituts.lv\/en\/procedure-for-requesting-an-extract-true-copy-copy-of-the-medical-documents\/\" target=\"\" class=\"link\"><\/a>\r\n                <\/div>\r\n\r\n                \r\n\r\n            <\/div>\r\n        <\/div>\r\n    <\/div>\r\n\r\n\r\n","protected":false},"excerpt":{"rendered":"","protected":false},"author":2,"featured_media":0,"parent":0,"menu_order":0,"comment_status":"closed","ping_status":"closed","template":"","meta":{"inline_featured_image":false},"acf":[],"yoast_head":"<!-- This site is optimized with the Yoast SEO plugin v20.7 - https:\/\/yoast.com\/wordpress\/plugins\/seo\/ -->\n<title>For patients - R\u012bgas Stradi\u0146a universit\u0101tes stomatolo\u0123ijas instit\u016bts<\/title>\n<meta name=\"robots\" content=\"index, follow, max-snippet:-1, max-image-preview:large, max-video-preview:-1\" \/>\n<link rel=\"canonical\" href=\"https:\/\/stomatologijasinstituts.lv\/en\/for-patients\/\" \/>\n<meta property=\"og:locale\" content=\"en_US\" \/>\n<meta property=\"og:type\" content=\"article\" \/>\n<meta property=\"og:title\" content=\"For patients - R\u012bgas Stradi\u0146a universit\u0101tes stomatolo\u0123ijas instit\u016bts\" \/>\n<meta property=\"og:url\" content=\"https:\/\/stomatologijasinstituts.lv\/en\/for-patients\/\" \/>\n<meta property=\"og:site_name\" content=\"R\u012bgas Stradi\u0146a universit\u0101tes stomatolo\u0123ijas instit\u016bts\" \/>\n<meta property=\"article:modified_time\" content=\"2025-02-28T15:13:48+00:00\" \/>\n<meta property=\"og:image\" content=\"https:\/\/stomatologijasinstituts.lv\/wp-content\/uploads\/2022\/09\/rsu.png\" \/>\n\t<meta property=\"og:image:width\" content=\"600\" \/>\n\t<meta property=\"og:image:height\" content=\"600\" \/>\n\t<meta property=\"og:image:type\" content=\"image\/png\" \/>\n<meta name=\"twitter:card\" content=\"summary_large_image\" \/>\n<script type=\"application\/ld+json\" class=\"yoast-schema-graph\">{\"@context\":\"https:\/\/schema.org\",\"@graph\":[{\"@type\":\"WebPage\",\"@id\":\"https:\/\/stomatologijasinstituts.lv\/en\/for-patients\/\",\"url\":\"https:\/\/stomatologijasinstituts.lv\/en\/for-patients\/\",\"name\":\"For patients - R\u012bgas Stradi\u0146a universit\u0101tes stomatolo\u0123ijas instit\u016bts\",\"isPartOf\":{\"@id\":\"https:\/\/stomatologijasinstituts.lv\/en\/#website\"},\"datePublished\":\"2024-02-14T11:21:09+00:00\",\"dateModified\":\"2025-02-28T15:13:48+00:00\",\"breadcrumb\":{\"@id\":\"https:\/\/stomatologijasinstituts.lv\/en\/for-patients\/#breadcrumb\"},\"inLanguage\":\"en-US\",\"potentialAction\":[{\"@type\":\"ReadAction\",\"target\":[\"https:\/\/stomatologijasinstituts.lv\/en\/for-patients\/\"]}]},{\"@type\":\"BreadcrumbList\",\"@id\":\"https:\/\/stomatologijasinstituts.lv\/en\/for-patients\/#breadcrumb\",\"itemListElement\":[{\"@type\":\"ListItem\",\"position\":1,\"name\":\"Home\",\"item\":\"https:\/\/stomatologijasinstituts.lv\/en\/\"},{\"@type\":\"ListItem\",\"position\":2,\"name\":\"For patients\"}]},{\"@type\":\"WebSite\",\"@id\":\"https:\/\/stomatologijasinstituts.lv\/en\/#website\",\"url\":\"https:\/\/stomatologijasinstituts.lv\/en\/\",\"name\":\"R\u012bgas Stradi\u0146a universit\u0101tes stomatolo\u0123ijas instit\u016bts\",\"description\":\"R\u012bgas Stradi\u0146a universit\u0101tes stomatolo\u0123ijas instit\u016bts\",\"potentialAction\":[{\"@type\":\"SearchAction\",\"target\":{\"@type\":\"EntryPoint\",\"urlTemplate\":\"https:\/\/stomatologijasinstituts.lv\/en\/?s={search_term_string}\"},\"query-input\":\"required name=search_term_string\"}],\"inLanguage\":\"en-US\"}]}<\/script>\n<!-- \/ Yoast SEO plugin. -->","yoast_head_json":{"title":"For patients - R\u012bgas Stradi\u0146a universit\u0101tes stomatolo\u0123ijas instit\u016bts","robots":{"index":"index","follow":"follow","max-snippet":"max-snippet:-1","max-image-preview":"max-image-preview:large","max-video-preview":"max-video-preview:-1"},"canonical":"https:\/\/stomatologijasinstituts.lv\/en\/for-patients\/","og_locale":"en_US","og_type":"article","og_title":"For patients - R\u012bgas Stradi\u0146a universit\u0101tes stomatolo\u0123ijas instit\u016bts","og_url":"https:\/\/stomatologijasinstituts.lv\/en\/for-patients\/","og_site_name":"R\u012bgas Stradi\u0146a universit\u0101tes stomatolo\u0123ijas instit\u016bts","article_modified_time":"2025-02-28T15:13:48+00:00","og_image":[{"width":600,"height":600,"url":"https:\/\/stomatologijasinstituts.lv\/wp-content\/uploads\/2022\/09\/rsu.png","type":"image\/png"}],"twitter_card":"summary_large_image","schema":{"@context":"https:\/\/schema.org","@graph":[{"@type":"WebPage","@id":"https:\/\/stomatologijasinstituts.lv\/en\/for-patients\/","url":"https:\/\/stomatologijasinstituts.lv\/en\/for-patients\/","name":"For patients - R\u012bgas Stradi\u0146a universit\u0101tes stomatolo\u0123ijas instit\u016bts","isPartOf":{"@id":"https:\/\/stomatologijasinstituts.lv\/en\/#website"},"datePublished":"2024-02-14T11:21:09+00:00","dateModified":"2025-02-28T15:13:48+00:00","breadcrumb":{"@id":"https:\/\/stomatologijasinstituts.lv\/en\/for-patients\/#breadcrumb"},"inLanguage":"en-US","potentialAction":[{"@type":"ReadAction","target":["https:\/\/stomatologijasinstituts.lv\/en\/for-patients\/"]}]},{"@type":"BreadcrumbList","@id":"https:\/\/stomatologijasinstituts.lv\/en\/for-patients\/#breadcrumb","itemListElement":[{"@type":"ListItem","position":1,"name":"Home","item":"https:\/\/stomatologijasinstituts.lv\/en\/"},{"@type":"ListItem","position":2,"name":"For patients"}]},{"@type":"WebSite","@id":"https:\/\/stomatologijasinstituts.lv\/en\/#website","url":"https:\/\/stomatologijasinstituts.lv\/en\/","name":"R\u012bgas Stradi\u0146a universit\u0101tes stomatolo\u0123ijas instit\u016bts","description":"R\u012bgas Stradi\u0146a universit\u0101tes stomatolo\u0123ijas instit\u016bts","potentialAction":[{"@type":"SearchAction","target":{"@type":"EntryPoint","urlTemplate":"https:\/\/stomatologijasinstituts.lv\/en\/?s={search_term_string}"},"query-input":"required name=search_term_string"}],"inLanguage":"en-US"}]}},"_links":{"self":[{"href":"https:\/\/stomatologijasinstituts.lv\/en\/wp-json\/wp\/v2\/pages\/5823"}],"collection":[{"href":"https:\/\/stomatologijasinstituts.lv\/en\/wp-json\/wp\/v2\/pages"}],"about":[{"href":"https:\/\/stomatologijasinstituts.lv\/en\/wp-json\/wp\/v2\/types\/page"}],"author":[{"embeddable":true,"href":"https:\/\/stomatologijasinstituts.lv\/en\/wp-json\/wp\/v2\/users\/2"}],"replies":[{"embeddable":true,"href":"https:\/\/stomatologijasinstituts.lv\/en\/wp-json\/wp\/v2\/comments?post=5823"}],"version-history":[{"count":6,"href":"https:\/\/stomatologijasinstituts.lv\/en\/wp-json\/wp\/v2\/pages\/5823\/revisions"}],"predecessor-version":[{"id":8690,"href":"https:\/\/stomatologijasinstituts.lv\/en\/wp-json\/wp\/v2\/pages\/5823\/revisions\/8690"}],"wp:attachment":[{"href":"https:\/\/stomatologijasinstituts.lv\/en\/wp-json\/wp\/v2\/media?parent=5823"}],"curies":[{"name":"wp","href":"https:\/\/api.w.org\/{rel}","templated":true}]}}