{"id":3297,"date":"2022-06-06T06:39:10","date_gmt":"2022-06-06T06:39:10","guid":{"rendered":"https:\/\/stomatologijasinstituts.lv\/pakalpojumi\/"},"modified":"2023-05-10T10:26:56","modified_gmt":"2023-05-10T08:26:56","slug":"services","status":"publish","type":"page","link":"https:\/\/stomatologijasinstituts.lv\/en\/services\/","title":{"rendered":"Services"},"content":{"rendered":"\r\n\r\n\r\n\r\n    <style>\r\n        .stom-categories-grid {\r\n            margin-top: 0;\r\n            margin-bottom: 80px;\r\n        }\r\n        @media only screen and (max-width: 767px) {\r\n            .stom-categories-grid {\r\n                margin-top: 0;\r\n                margin-bottom: 60px;\r\n            }\r\n        }\r\n    <\/style>\r\n\r\n    <div class=\"stom-categories-grid\">\r\n        <div class=\"content\">\r\n            <div class=\"items-grid\">\r\n\r\n                \r\n                <div class=\"item\">\r\n                    <h2><a href=\"https:\/\/stomatologijasinstituts.lv\/en\/services\/acute-care\/\" target=\"\" tabindex=\"-1\">Acute care<\/a><\/h2>\r\n                    <div class=\"desc\">\r\n                        Acute care in Oral and maxillofacial surgery clinic, in Dental Clinic for adults and for childrens.                    <\/div>\r\n                    <div class=\"cta\">\r\n                        <a href=\"https:\/\/stomatologijasinstituts.lv\/en\/services\/acute-care\/\" target=\"\" tabindex=\"-1\">Acute care<\/a>\r\n                    <\/div>\r\n                    <a href=\"https:\/\/stomatologijasinstituts.lv\/en\/services\/acute-care\/\" target=\"\" class=\"link\"><\/a>\r\n                <\/div>\r\n\r\n                \r\n                <div class=\"item\">\r\n                    <h2><a href=\"https:\/\/stomatologijasinstituts.lv\/en\/services\/dental-clinic\/\" target=\"\" tabindex=\"-1\">Dental Clinic<\/a><\/h2>\r\n                    <div class=\"desc\">\r\n                        The Dental Clinic provides the widest range of services for the prevention and treatment of dental diseases, using dental materials from the world&#8217;s leading manufacturers and the most modern treatment methods, ensuring excellent treatment results, aesthetics and quality.\r\n                    <\/div>\r\n                    <div class=\"cta\">\r\n                        <a href=\"https:\/\/stomatologijasinstituts.lv\/en\/services\/dental-clinic\/\" target=\"\" tabindex=\"-1\">Dental Clinic<\/a>\r\n                    <\/div>\r\n                    <a href=\"https:\/\/stomatologijasinstituts.lv\/en\/services\/dental-clinic\/\" target=\"\" class=\"link\"><\/a>\r\n                <\/div>\r\n\r\n                \r\n                <div class=\"item\">\r\n                    <h2><a href=\"https:\/\/stomatologijasinstituts.lv\/en\/services\/prosthodontics-clinic\/\" target=\"\" tabindex=\"-1\">Prosthodontics Clinic<\/a><\/h2>\r\n                    <div class=\"desc\">\r\n                        The Prosthodontics Clinic provides highly qualified services in restoring individual teeth, rows of teeth and bite proportions.                    <\/div>\r\n                    <div class=\"cta\">\r\n                        <a href=\"https:\/\/stomatologijasinstituts.lv\/en\/services\/prosthodontics-clinic\/\" target=\"\" tabindex=\"-1\">Prosthodontics Clinic<\/a>\r\n                    <\/div>\r\n                    <a href=\"https:\/\/stomatologijasinstituts.lv\/en\/services\/prosthodontics-clinic\/\" target=\"\" class=\"link\"><\/a>\r\n                <\/div>\r\n\r\n                \r\n                <div class=\"item\">\r\n                    <h2><a href=\"https:\/\/stomatologijasinstituts.lv\/en\/services\/orthodontics-clinic\/\" target=\"\" tabindex=\"-1\">Orthodontics Clinic<\/a><\/h2>\r\n                    <div class=\"desc\">\r\n                        The Orthodontics Clinic provides orthodontic, functional treatment for children and adults for functional disorders of the teeth, jaws and face, bite anomalies, deformities and congenital syndromes, using a wide range of the latest braces, conventional and printed appliances and corrective printed aligners.                    <\/div>\r\n                    <div class=\"cta\">\r\n                        <a href=\"https:\/\/stomatologijasinstituts.lv\/en\/services\/orthodontics-clinic\/\" target=\"\" tabindex=\"-1\">Orthodontics Clinic<\/a>\r\n                    <\/div>\r\n                    <a href=\"https:\/\/stomatologijasinstituts.lv\/en\/services\/orthodontics-clinic\/\" target=\"\" class=\"link\"><\/a>\r\n                <\/div>\r\n\r\n                \r\n                <div class=\"item\">\r\n                    <h2><a href=\"https:\/\/stomatologijasinstituts.lv\/en\/services\/oral-and-maxillofacial-surgery-clinic\/\" target=\"\" tabindex=\"-1\">Oral and Maxillofacial Surgery Clinic<\/a><\/h2>\r\n                    <div class=\"desc\">\r\n                        The Oral and Maxillofacial Surgery Clinic provides care for patients with diseases and pathologies of the oral and maxillofacial region.                    <\/div>\r\n                    <div class=\"cta\">\r\n                        <a href=\"https:\/\/stomatologijasinstituts.lv\/en\/services\/oral-and-maxillofacial-surgery-clinic\/\" target=\"\" tabindex=\"-1\">Oral and Maxillofacial Surgery Clinic<\/a>\r\n                    <\/div>\r\n                    <a href=\"https:\/\/stomatologijasinstituts.lv\/en\/services\/oral-and-maxillofacial-surgery-clinic\/\" target=\"\" class=\"link\"><\/a>\r\n                <\/div>\r\n\r\n                \r\n                <div class=\"item\">\r\n                    <h2><a href=\"https:\/\/stomatologijasinstituts.lv\/en\/services\/implantology-clinic\/\" target=\"\" tabindex=\"-1\">Implantology Clinic<\/a><\/h2>\r\n                    <div class=\"desc\">\r\n                        The Institute of Stomatology offers a full range of services and the latest technologies for replacing missing teeth with dental implants.                    <\/div>\r\n                    <div class=\"cta\">\r\n                        <a href=\"https:\/\/stomatologijasinstituts.lv\/en\/services\/implantology-clinic\/\" target=\"\" tabindex=\"-1\">Implantology Clinic<\/a>\r\n                    <\/div>\r\n                    <a href=\"https:\/\/stomatologijasinstituts.lv\/en\/services\/implantology-clinic\/\" target=\"\" class=\"link\"><\/a>\r\n                <\/div>\r\n\r\n                \r\n                <div class=\"item\">\r\n                    <h2><a href=\"https:\/\/stomatologijasinstituts.lv\/en\/services\/diagnostic-radiology\/\" target=\"\" tabindex=\"-1\">Diagnostic Radiology<\/a><\/h2>\r\n                    <div class=\"desc\">\r\n                        The Department of Diagnostic Radiology offers a full range of conventional and 3D cone-beam CT scans for visualisation, diagnosis, reconstruction, treatment planning and outcome assessment of dental, maxillofacial and facial structures.                    <\/div>\r\n                    <div class=\"cta\">\r\n                        <a href=\"https:\/\/stomatologijasinstituts.lv\/en\/services\/diagnostic-radiology\/\" target=\"\" tabindex=\"-1\">Orthodontics Clinic<\/a>\r\n                    <\/div>\r\n                    <a href=\"https:\/\/stomatologijasinstituts.lv\/en\/services\/diagnostic-radiology\/\" target=\"\" class=\"link\"><\/a>\r\n                <\/div>\r\n\r\n                \r\n                <div class=\"item\">\r\n                    <h2><a href=\"https:\/\/stomatologijasinstituts.lv\/en\/services\/sleep-laboratory\/\" target=\"\" tabindex=\"-1\">Sleep Laboratory<\/a><\/h2>\r\n                    <div class=\"desc\">\r\n                        A sleep laboratory specialises in a wide range of sleep disordered breathing conditions, including snoring, obstructive sleep apnoea or sleep breathlessness.                    <\/div>\r\n                    <div class=\"cta\">\r\n                        <a href=\"https:\/\/stomatologijasinstituts.lv\/en\/services\/sleep-laboratory\/\" target=\"\" tabindex=\"-1\">Sleep Laboratory<\/a>\r\n                    <\/div>\r\n                    <a href=\"https:\/\/stomatologijasinstituts.lv\/en\/services\/sleep-laboratory\/\" target=\"\" class=\"link\"><\/a>\r\n                <\/div>\r\n\r\n                \r\n                <div class=\"item\">\r\n                    <h2><a href=\"https:\/\/stomatologijasinstituts.lv\/en\/services\/centre-of-oral-medicine\/\" target=\"\" tabindex=\"-1\">Centre of Oral Medicine<\/a><\/h2>\r\n                    <div class=\"desc\">\r\n                        The Centre of Oral Medicine is the only specialised centre in Latvia for the diagnosis and treatment of various ulcers, bacterial, fungal and viral infections of the oral mucosa, as well as vesicular and bullous diseases, cancers and malignant tumours, allergic reactions, burning mouth syndrome, salivary gland disorders, manifestations of systemic diseases in the mucosa, and other diseases.                     <\/div>\r\n                    <div class=\"cta\">\r\n                        <a href=\"https:\/\/stomatologijasinstituts.lv\/en\/services\/centre-of-oral-medicine\/\" target=\"\" tabindex=\"-1\">Centre of Oral Medicine<\/a>\r\n                    <\/div>\r\n                    <a href=\"https:\/\/stomatologijasinstituts.lv\/en\/services\/centre-of-oral-medicine\/\" target=\"\" class=\"link\"><\/a>\r\n                <\/div>\r\n\r\n                \r\n\r\n            <\/div>\r\n        <\/div>\r\n    <\/div>\r\n\r\n\r\n","protected":false},"excerpt":{"rendered":"","protected":false},"author":1,"featured_media":0,"parent":0,"menu_order":0,"comment_status":"closed","ping_status":"closed","template":"","meta":{"inline_featured_image":false},"acf":[],"yoast_head":"<!-- This site is optimized with the Yoast SEO plugin v20.7 - https:\/\/yoast.com\/wordpress\/plugins\/seo\/ -->\n<title>Services - R\u012bgas Stradi\u0146a universit\u0101tes stomatolo\u0123ijas instit\u016bts<\/title>\n<meta name=\"robots\" content=\"index, follow, max-snippet:-1, max-image-preview:large, max-video-preview:-1\" \/>\n<link rel=\"canonical\" href=\"https:\/\/stomatologijasinstituts.lv\/en\/services\/\" \/>\n<meta property=\"og:locale\" content=\"en_US\" \/>\n<meta property=\"og:type\" content=\"article\" \/>\n<meta property=\"og:title\" content=\"Services - R\u012bgas Stradi\u0146a universit\u0101tes stomatolo\u0123ijas instit\u016bts\" \/>\n<meta property=\"og:url\" content=\"https:\/\/stomatologijasinstituts.lv\/en\/services\/\" \/>\n<meta property=\"og:site_name\" content=\"R\u012bgas Stradi\u0146a universit\u0101tes stomatolo\u0123ijas instit\u016bts\" \/>\n<meta property=\"article:modified_time\" content=\"2023-05-10T08:26:56+00:00\" \/>\n<meta property=\"og:image\" content=\"https:\/\/stomatologijasinstituts.lv\/wp-content\/uploads\/2022\/09\/rsu.png\" \/>\n\t<meta property=\"og:image:width\" content=\"600\" \/>\n\t<meta property=\"og:image:height\" content=\"600\" \/>\n\t<meta property=\"og:image:type\" content=\"image\/png\" \/>\n<meta name=\"twitter:card\" content=\"summary_large_image\" \/>\n<script type=\"application\/ld+json\" class=\"yoast-schema-graph\">{\"@context\":\"https:\/\/schema.org\",\"@graph\":[{\"@type\":\"WebPage\",\"@id\":\"https:\/\/stomatologijasinstituts.lv\/en\/services\/\",\"url\":\"https:\/\/stomatologijasinstituts.lv\/en\/services\/\",\"name\":\"Services - R\u012bgas Stradi\u0146a universit\u0101tes stomatolo\u0123ijas instit\u016bts\",\"isPartOf\":{\"@id\":\"https:\/\/stomatologijasinstituts.lv\/en\/#website\"},\"datePublished\":\"2022-06-06T06:39:10+00:00\",\"dateModified\":\"2023-05-10T08:26:56+00:00\",\"breadcrumb\":{\"@id\":\"https:\/\/stomatologijasinstituts.lv\/en\/services\/#breadcrumb\"},\"inLanguage\":\"en-US\",\"potentialAction\":[{\"@type\":\"ReadAction\",\"target\":[\"https:\/\/stomatologijasinstituts.lv\/en\/services\/\"]}]},{\"@type\":\"BreadcrumbList\",\"@id\":\"https:\/\/stomatologijasinstituts.lv\/en\/services\/#breadcrumb\",\"itemListElement\":[{\"@type\":\"ListItem\",\"position\":1,\"name\":\"Home\",\"item\":\"https:\/\/stomatologijasinstituts.lv\/en\/\"},{\"@type\":\"ListItem\",\"position\":2,\"name\":\"Services\"}]},{\"@type\":\"WebSite\",\"@id\":\"https:\/\/stomatologijasinstituts.lv\/en\/#website\",\"url\":\"https:\/\/stomatologijasinstituts.lv\/en\/\",\"name\":\"R\u012bgas Stradi\u0146a universit\u0101tes stomatolo\u0123ijas instit\u016bts\",\"description\":\"R\u012bgas Stradi\u0146a universit\u0101tes stomatolo\u0123ijas instit\u016bts\",\"potentialAction\":[{\"@type\":\"SearchAction\",\"target\":{\"@type\":\"EntryPoint\",\"urlTemplate\":\"https:\/\/stomatologijasinstituts.lv\/en\/?s={search_term_string}\"},\"query-input\":\"required name=search_term_string\"}],\"inLanguage\":\"en-US\"}]}<\/script>\n<!-- \/ Yoast SEO plugin. -->","yoast_head_json":{"title":"Services - R\u012bgas Stradi\u0146a universit\u0101tes stomatolo\u0123ijas instit\u016bts","robots":{"index":"index","follow":"follow","max-snippet":"max-snippet:-1","max-image-preview":"max-image-preview:large","max-video-preview":"max-video-preview:-1"},"canonical":"https:\/\/stomatologijasinstituts.lv\/en\/services\/","og_locale":"en_US","og_type":"article","og_title":"Services - R\u012bgas Stradi\u0146a universit\u0101tes stomatolo\u0123ijas instit\u016bts","og_url":"https:\/\/stomatologijasinstituts.lv\/en\/services\/","og_site_name":"R\u012bgas Stradi\u0146a universit\u0101tes stomatolo\u0123ijas instit\u016bts","article_modified_time":"2023-05-10T08:26:56+00:00","og_image":[{"width":600,"height":600,"url":"https:\/\/stomatologijasinstituts.lv\/wp-content\/uploads\/2022\/09\/rsu.png","type":"image\/png"}],"twitter_card":"summary_large_image","schema":{"@context":"https:\/\/schema.org","@graph":[{"@type":"WebPage","@id":"https:\/\/stomatologijasinstituts.lv\/en\/services\/","url":"https:\/\/stomatologijasinstituts.lv\/en\/services\/","name":"Services - R\u012bgas Stradi\u0146a universit\u0101tes stomatolo\u0123ijas instit\u016bts","isPartOf":{"@id":"https:\/\/stomatologijasinstituts.lv\/en\/#website"},"datePublished":"2022-06-06T06:39:10+00:00","dateModified":"2023-05-10T08:26:56+00:00","breadcrumb":{"@id":"https:\/\/stomatologijasinstituts.lv\/en\/services\/#breadcrumb"},"inLanguage":"en-US","potentialAction":[{"@type":"ReadAction","target":["https:\/\/stomatologijasinstituts.lv\/en\/services\/"]}]},{"@type":"BreadcrumbList","@id":"https:\/\/stomatologijasinstituts.lv\/en\/services\/#breadcrumb","itemListElement":[{"@type":"ListItem","position":1,"name":"Home","item":"https:\/\/stomatologijasinstituts.lv\/en\/"},{"@type":"ListItem","position":2,"name":"Services"}]},{"@type":"WebSite","@id":"https:\/\/stomatologijasinstituts.lv\/en\/#website","url":"https:\/\/stomatologijasinstituts.lv\/en\/","name":"R\u012bgas Stradi\u0146a universit\u0101tes stomatolo\u0123ijas instit\u016bts","description":"R\u012bgas Stradi\u0146a universit\u0101tes stomatolo\u0123ijas instit\u016bts","potentialAction":[{"@type":"SearchAction","target":{"@type":"EntryPoint","urlTemplate":"https:\/\/stomatologijasinstituts.lv\/en\/?s={search_term_string}"},"query-input":"required name=search_term_string"}],"inLanguage":"en-US"}]}},"_links":{"self":[{"href":"https:\/\/stomatologijasinstituts.lv\/en\/wp-json\/wp\/v2\/pages\/3297"}],"collection":[{"href":"https:\/\/stomatologijasinstituts.lv\/en\/wp-json\/wp\/v2\/pages"}],"about":[{"href":"https:\/\/stomatologijasinstituts.lv\/en\/wp-json\/wp\/v2\/types\/page"}],"author":[{"embeddable":true,"href":"https:\/\/stomatologijasinstituts.lv\/en\/wp-json\/wp\/v2\/users\/1"}],"replies":[{"embeddable":true,"href":"https:\/\/stomatologijasinstituts.lv\/en\/wp-json\/wp\/v2\/comments?post=3297"}],"version-history":[{"count":4,"href":"https:\/\/stomatologijasinstituts.lv\/en\/wp-json\/wp\/v2\/pages\/3297\/revisions"}],"predecessor-version":[{"id":3821,"href":"https:\/\/stomatologijasinstituts.lv\/en\/wp-json\/wp\/v2\/pages\/3297\/revisions\/3821"}],"wp:attachment":[{"href":"https:\/\/stomatologijasinstituts.lv\/en\/wp-json\/wp\/v2\/media?parent=3297"}],"curies":[{"name":"wp","href":"https:\/\/api.w.org\/{rel}","templated":true}]}}