{"id":3293,"date":"2022-08-17T08:07:19","date_gmt":"2022-08-17T08:07:19","guid":{"rendered":"https:\/\/stomatologijasinstituts.lv\/mutes-medicinas-centrs\/"},"modified":"2023-05-10T10:20:57","modified_gmt":"2023-05-10T08:20:57","slug":"centre-of-oral-medicine","status":"publish","type":"page","link":"https:\/\/stomatologijasinstituts.lv\/en\/services\/centre-of-oral-medicine\/","title":{"rendered":"Centre of Oral Medicine"},"content":{"rendered":"\n<p>The Centre of Oral Medicine is the only specialised centre in Latvia for the diagnosis and treatment of various ulcers, bacterial, fungal and viral infections of the oral mucosa, as well as vesicular and bullous diseases, cancers and malignant tumours, allergic reactions, burning mouth syndrome, salivary gland disorders, manifestations of systemic diseases in the mucosa, and other diseases. Diagnosis also includes the detection of pathologies in the skin of the face and lips.<\/p>\n\n\n\n<p>The diagnosis of oral pathologies involves the use of modern technologies indicating morphological and biochemical changes in tissue fluorescence (autofluorescence VELscope) and a saliva test for the early diagnosis of cancer.<\/p>\n\n\n\n<figure class=\"wp-block-table is-style-stripes\"><table><thead><tr><th><strong><strong><strong>The main services of the Centre of Oral Medicine are:<\/strong><\/strong><\/strong><\/th><\/tr><\/thead><tbody><tr><td>patient consultation and treatment<\/td><\/tr><tr><td>scientific research<\/td><\/tr><\/tbody><\/table><\/figure>\n\n\n\n<p>The Centre employs highly qualified specialists (oral and maxillofacial surgeons and dentists) experienced in the diagnosis and treatment of diseases of the oral mucosa.<\/p>\n","protected":false},"excerpt":{"rendered":"<p>The Centre of Oral Medicine is the only specialised centre in Latvia for the diagnosis and treatment of various ulcers, bacterial, fungal and viral infections of the oral mucosa, as well as vesicular and bullous diseases, cancers and malignant tumours, allergic reactions, burning mouth syndrome, salivary gland disorders, manifestations of systemic diseases in the mucosa, [&hellip;]<\/p>\n","protected":false},"author":1,"featured_media":0,"parent":3297,"menu_order":0,"comment_status":"closed","ping_status":"closed","template":"","meta":{"inline_featured_image":false},"acf":[],"yoast_head":"<!-- This site is optimized with the Yoast SEO plugin v20.7 - https:\/\/yoast.com\/wordpress\/plugins\/seo\/ -->\n<title>Centre of Oral Medicine - R\u012bgas Stradi\u0146a universit\u0101tes stomatolo\u0123ijas instit\u016bts<\/title>\n<meta name=\"description\" content=\"Mutes medic\u012bnas centrs ir vien\u012bgais specializ\u0113tais centrs Latvij\u0101, kur\u0101 nodarbojas ar mutes g\u013cot\u0101das da\u017e\u0101du \u010d\u016blu, bakteri\u0101las, s\u0113n\u012b\u0161u un v\u012brusu infekciju diagnostiku, k\u0101 ar\u012b vezikulozu un bullozu slim\u012bbu, v\u0113\u017edraudes un \u013caundab\u012bgo audz\u0113ju, aler\u0123isku reakciju, dedzino\u0161as mutes sindroma, siekalu dziedzera trauc\u0113jumu, sist\u0113mu slim\u012bbu izpausmju g\u013cot\u0101d\u0101 u.c. slim\u012bbu diagnostiku un \u0101rst\u0113\u0161anu.\" \/>\n<meta name=\"robots\" content=\"index, follow, max-snippet:-1, max-image-preview:large, max-video-preview:-1\" \/>\n<link rel=\"canonical\" href=\"https:\/\/stomatologijasinstituts.lv\/en\/services\/centre-of-oral-medicine\/\" \/>\n<meta property=\"og:locale\" content=\"en_US\" \/>\n<meta property=\"og:type\" content=\"article\" \/>\n<meta property=\"og:title\" content=\"Centre of Oral Medicine - R\u012bgas Stradi\u0146a universit\u0101tes stomatolo\u0123ijas instit\u016bts\" \/>\n<meta property=\"og:description\" content=\"Mutes medic\u012bnas centrs ir vien\u012bgais specializ\u0113tais centrs Latvij\u0101, kur\u0101 nodarbojas ar mutes g\u013cot\u0101das da\u017e\u0101du \u010d\u016blu, bakteri\u0101las, s\u0113n\u012b\u0161u un v\u012brusu infekciju diagnostiku, k\u0101 ar\u012b vezikulozu un bullozu slim\u012bbu, v\u0113\u017edraudes un \u013caundab\u012bgo audz\u0113ju, aler\u0123isku reakciju, dedzino\u0161as mutes sindroma, siekalu dziedzera trauc\u0113jumu, sist\u0113mu slim\u012bbu izpausmju g\u013cot\u0101d\u0101 u.c. slim\u012bbu diagnostiku un \u0101rst\u0113\u0161anu.\" \/>\n<meta property=\"og:url\" content=\"https:\/\/stomatologijasinstituts.lv\/en\/services\/centre-of-oral-medicine\/\" \/>\n<meta property=\"og:site_name\" content=\"R\u012bgas Stradi\u0146a universit\u0101tes stomatolo\u0123ijas instit\u016bts\" \/>\n<meta property=\"article:modified_time\" content=\"2023-05-10T08:20:57+00:00\" \/>\n<meta property=\"og:image\" content=\"https:\/\/stomatologijasinstituts.lv\/wp-content\/uploads\/2022\/09\/rsu.png\" \/>\n\t<meta property=\"og:image:width\" content=\"600\" \/>\n\t<meta property=\"og:image:height\" content=\"600\" \/>\n\t<meta property=\"og:image:type\" content=\"image\/png\" \/>\n<meta name=\"twitter:card\" content=\"summary_large_image\" \/>\n<meta name=\"twitter:label1\" content=\"Est. reading time\" \/>\n\t<meta name=\"twitter:data1\" content=\"1 minute\" \/>\n<script type=\"application\/ld+json\" class=\"yoast-schema-graph\">{\"@context\":\"https:\/\/schema.org\",\"@graph\":[{\"@type\":\"WebPage\",\"@id\":\"https:\/\/stomatologijasinstituts.lv\/en\/services\/centre-of-oral-medicine\/\",\"url\":\"https:\/\/stomatologijasinstituts.lv\/en\/services\/centre-of-oral-medicine\/\",\"name\":\"Centre of Oral Medicine - R\u012bgas Stradi\u0146a universit\u0101tes stomatolo\u0123ijas instit\u016bts\",\"isPartOf\":{\"@id\":\"https:\/\/stomatologijasinstituts.lv\/en\/#website\"},\"datePublished\":\"2022-08-17T08:07:19+00:00\",\"dateModified\":\"2023-05-10T08:20:57+00:00\",\"description\":\"Mutes medic\u012bnas centrs ir vien\u012bgais specializ\u0113tais centrs Latvij\u0101, kur\u0101 nodarbojas ar mutes g\u013cot\u0101das da\u017e\u0101du \u010d\u016blu, bakteri\u0101las, s\u0113n\u012b\u0161u un v\u012brusu infekciju diagnostiku, k\u0101 ar\u012b vezikulozu un bullozu slim\u012bbu, v\u0113\u017edraudes un \u013caundab\u012bgo audz\u0113ju, aler\u0123isku reakciju, dedzino\u0161as mutes sindroma, siekalu dziedzera trauc\u0113jumu, sist\u0113mu slim\u012bbu izpausmju g\u013cot\u0101d\u0101 u.c. slim\u012bbu diagnostiku un \u0101rst\u0113\u0161anu.\",\"breadcrumb\":{\"@id\":\"https:\/\/stomatologijasinstituts.lv\/en\/services\/centre-of-oral-medicine\/#breadcrumb\"},\"inLanguage\":\"en-US\",\"potentialAction\":[{\"@type\":\"ReadAction\",\"target\":[\"https:\/\/stomatologijasinstituts.lv\/en\/services\/centre-of-oral-medicine\/\"]}]},{\"@type\":\"BreadcrumbList\",\"@id\":\"https:\/\/stomatologijasinstituts.lv\/en\/services\/centre-of-oral-medicine\/#breadcrumb\",\"itemListElement\":[{\"@type\":\"ListItem\",\"position\":1,\"name\":\"Home\",\"item\":\"https:\/\/stomatologijasinstituts.lv\/en\/\"},{\"@type\":\"ListItem\",\"position\":2,\"name\":\"Services\",\"item\":\"https:\/\/stomatologijasinstituts.lv\/en\/services\/\"},{\"@type\":\"ListItem\",\"position\":3,\"name\":\"Centre of Oral Medicine\"}]},{\"@type\":\"WebSite\",\"@id\":\"https:\/\/stomatologijasinstituts.lv\/en\/#website\",\"url\":\"https:\/\/stomatologijasinstituts.lv\/en\/\",\"name\":\"R\u012bgas Stradi\u0146a universit\u0101tes stomatolo\u0123ijas instit\u016bts\",\"description\":\"R\u012bgas Stradi\u0146a universit\u0101tes stomatolo\u0123ijas instit\u016bts\",\"potentialAction\":[{\"@type\":\"SearchAction\",\"target\":{\"@type\":\"EntryPoint\",\"urlTemplate\":\"https:\/\/stomatologijasinstituts.lv\/en\/?s={search_term_string}\"},\"query-input\":\"required name=search_term_string\"}],\"inLanguage\":\"en-US\"}]}<\/script>\n<!-- \/ Yoast SEO plugin. -->","yoast_head_json":{"title":"Centre of Oral Medicine - R\u012bgas Stradi\u0146a universit\u0101tes stomatolo\u0123ijas instit\u016bts","description":"Mutes medic\u012bnas centrs ir vien\u012bgais specializ\u0113tais centrs Latvij\u0101, kur\u0101 nodarbojas ar mutes g\u013cot\u0101das da\u017e\u0101du \u010d\u016blu, bakteri\u0101las, s\u0113n\u012b\u0161u un v\u012brusu infekciju diagnostiku, k\u0101 ar\u012b vezikulozu un bullozu slim\u012bbu, v\u0113\u017edraudes un \u013caundab\u012bgo audz\u0113ju, aler\u0123isku reakciju, dedzino\u0161as mutes sindroma, siekalu dziedzera trauc\u0113jumu, sist\u0113mu slim\u012bbu izpausmju g\u013cot\u0101d\u0101 u.c. slim\u012bbu diagnostiku un \u0101rst\u0113\u0161anu.","robots":{"index":"index","follow":"follow","max-snippet":"max-snippet:-1","max-image-preview":"max-image-preview:large","max-video-preview":"max-video-preview:-1"},"canonical":"https:\/\/stomatologijasinstituts.lv\/en\/services\/centre-of-oral-medicine\/","og_locale":"en_US","og_type":"article","og_title":"Centre of Oral Medicine - R\u012bgas Stradi\u0146a universit\u0101tes stomatolo\u0123ijas instit\u016bts","og_description":"Mutes medic\u012bnas centrs ir vien\u012bgais specializ\u0113tais centrs Latvij\u0101, kur\u0101 nodarbojas ar mutes g\u013cot\u0101das da\u017e\u0101du \u010d\u016blu, bakteri\u0101las, s\u0113n\u012b\u0161u un v\u012brusu infekciju diagnostiku, k\u0101 ar\u012b vezikulozu un bullozu slim\u012bbu, v\u0113\u017edraudes un \u013caundab\u012bgo audz\u0113ju, aler\u0123isku reakciju, dedzino\u0161as mutes sindroma, siekalu dziedzera trauc\u0113jumu, sist\u0113mu slim\u012bbu izpausmju g\u013cot\u0101d\u0101 u.c. slim\u012bbu diagnostiku un \u0101rst\u0113\u0161anu.","og_url":"https:\/\/stomatologijasinstituts.lv\/en\/services\/centre-of-oral-medicine\/","og_site_name":"R\u012bgas Stradi\u0146a universit\u0101tes stomatolo\u0123ijas instit\u016bts","article_modified_time":"2023-05-10T08:20:57+00:00","og_image":[{"width":600,"height":600,"url":"https:\/\/stomatologijasinstituts.lv\/wp-content\/uploads\/2022\/09\/rsu.png","type":"image\/png"}],"twitter_card":"summary_large_image","twitter_misc":{"Est. reading time":"1 minute"},"schema":{"@context":"https:\/\/schema.org","@graph":[{"@type":"WebPage","@id":"https:\/\/stomatologijasinstituts.lv\/en\/services\/centre-of-oral-medicine\/","url":"https:\/\/stomatologijasinstituts.lv\/en\/services\/centre-of-oral-medicine\/","name":"Centre of Oral Medicine - R\u012bgas Stradi\u0146a universit\u0101tes stomatolo\u0123ijas instit\u016bts","isPartOf":{"@id":"https:\/\/stomatologijasinstituts.lv\/en\/#website"},"datePublished":"2022-08-17T08:07:19+00:00","dateModified":"2023-05-10T08:20:57+00:00","description":"Mutes medic\u012bnas centrs ir vien\u012bgais specializ\u0113tais centrs Latvij\u0101, kur\u0101 nodarbojas ar mutes g\u013cot\u0101das da\u017e\u0101du \u010d\u016blu, bakteri\u0101las, s\u0113n\u012b\u0161u un v\u012brusu infekciju diagnostiku, k\u0101 ar\u012b vezikulozu un bullozu slim\u012bbu, v\u0113\u017edraudes un \u013caundab\u012bgo audz\u0113ju, aler\u0123isku reakciju, dedzino\u0161as mutes sindroma, siekalu dziedzera trauc\u0113jumu, sist\u0113mu slim\u012bbu izpausmju g\u013cot\u0101d\u0101 u.c. slim\u012bbu diagnostiku un \u0101rst\u0113\u0161anu.","breadcrumb":{"@id":"https:\/\/stomatologijasinstituts.lv\/en\/services\/centre-of-oral-medicine\/#breadcrumb"},"inLanguage":"en-US","potentialAction":[{"@type":"ReadAction","target":["https:\/\/stomatologijasinstituts.lv\/en\/services\/centre-of-oral-medicine\/"]}]},{"@type":"BreadcrumbList","@id":"https:\/\/stomatologijasinstituts.lv\/en\/services\/centre-of-oral-medicine\/#breadcrumb","itemListElement":[{"@type":"ListItem","position":1,"name":"Home","item":"https:\/\/stomatologijasinstituts.lv\/en\/"},{"@type":"ListItem","position":2,"name":"Services","item":"https:\/\/stomatologijasinstituts.lv\/en\/services\/"},{"@type":"ListItem","position":3,"name":"Centre of Oral Medicine"}]},{"@type":"WebSite","@id":"https:\/\/stomatologijasinstituts.lv\/en\/#website","url":"https:\/\/stomatologijasinstituts.lv\/en\/","name":"R\u012bgas Stradi\u0146a universit\u0101tes stomatolo\u0123ijas instit\u016bts","description":"R\u012bgas Stradi\u0146a universit\u0101tes stomatolo\u0123ijas instit\u016bts","potentialAction":[{"@type":"SearchAction","target":{"@type":"EntryPoint","urlTemplate":"https:\/\/stomatologijasinstituts.lv\/en\/?s={search_term_string}"},"query-input":"required name=search_term_string"}],"inLanguage":"en-US"}]}},"_links":{"self":[{"href":"https:\/\/stomatologijasinstituts.lv\/en\/wp-json\/wp\/v2\/pages\/3293"}],"collection":[{"href":"https:\/\/stomatologijasinstituts.lv\/en\/wp-json\/wp\/v2\/pages"}],"about":[{"href":"https:\/\/stomatologijasinstituts.lv\/en\/wp-json\/wp\/v2\/types\/page"}],"author":[{"embeddable":true,"href":"https:\/\/stomatologijasinstituts.lv\/en\/wp-json\/wp\/v2\/users\/1"}],"replies":[{"embeddable":true,"href":"https:\/\/stomatologijasinstituts.lv\/en\/wp-json\/wp\/v2\/comments?post=3293"}],"version-history":[{"count":2,"href":"https:\/\/stomatologijasinstituts.lv\/en\/wp-json\/wp\/v2\/pages\/3293\/revisions"}],"predecessor-version":[{"id":3811,"href":"https:\/\/stomatologijasinstituts.lv\/en\/wp-json\/wp\/v2\/pages\/3293\/revisions\/3811"}],"up":[{"embeddable":true,"href":"https:\/\/stomatologijasinstituts.lv\/en\/wp-json\/wp\/v2\/pages\/3297"}],"wp:attachment":[{"href":"https:\/\/stomatologijasinstituts.lv\/en\/wp-json\/wp\/v2\/media?parent=3293"}],"curies":[{"name":"wp","href":"https:\/\/api.w.org\/{rel}","templated":true}]}}