{"id":3279,"date":"2022-07-11T06:53:38","date_gmt":"2022-07-11T06:53:38","guid":{"rendered":"https:\/\/stomatologijasinstituts.lv\/implantologijas-klinika\/"},"modified":"2023-05-10T10:19:00","modified_gmt":"2023-05-10T08:19:00","slug":"implantology-clinic","status":"publish","type":"page","link":"https:\/\/stomatologijasinstituts.lv\/en\/services\/implantology-clinic\/","title":{"rendered":"Implantology Clinic"},"content":{"rendered":"\r\n\r\n\r\n    <style>\r\n        .stom-feature-promo#randomfeature4826 {\r\n            margin-top: 0;\r\n            margin-bottom: 0;\r\n        }\r\n        @media only screen and (max-width: 767px) {\r\n            .stom-feature-promo#randomfeature4826 {\r\n                margin-top: 0;\r\n                margin-bottom: 0;\r\n            }\r\n        }\r\n    <\/style>\r\n\r\n    <div class=\"stom-feature-promo is-aligned-left\" id=\"randomfeature4826\">\r\n        <div class=\"content\">\r\n            <div class=\"image\">\r\n                <img decoding=\"async\" src=\"https:\/\/stomatologijasinstituts.lv\/wp-content\/uploads\/2022\/07\/IMG_8526-740x493.jpg\" alt=\"\">            <\/div>\r\n            <div class=\"text\">\r\n                <div class=\"inner\">\r\n                    <h2><\/h2>\r\n                    <p>For the convenience of our patients, implantation and denture fitting services are available both in the centre of Riga and in P\u0101rdaugava:<\/p>\n<ol>\n<li><strong> Implantology Clinic of the Institute of Stomatology, 31 Bazn\u012bcas Street, Riga.<\/strong><\/li>\n<\/ol>\n<p><strong data-rich-text-format-boundary=\"true\">\u00a0<\/strong><\/p>\n<p>To apply for a visit, contact the clinic: <a href=\"http:\/\/www.implantologijasklinika.lv\">www.implantologijasklinika.lv<\/a>, reception: +371 67716870 or +371 26315518<\/p>\n<ol start=\"2\">\n<li><strong> At the Institute of Stomatology at 20 Dzirciema Street, Riga.<\/strong><\/li>\n<\/ol>\n<p>&nbsp;<\/p>\n<p>To apply for a visit, contact our reception, tel. No. +371 67455586<\/p>\n<p>&nbsp;<\/p>\n                <\/div>\r\n            <\/div>\r\n        <\/div>\r\n    <\/div>\r\n\r\n","protected":false},"excerpt":{"rendered":"","protected":false},"author":1,"featured_media":0,"parent":3297,"menu_order":0,"comment_status":"closed","ping_status":"closed","template":"","meta":{"inline_featured_image":false},"acf":[],"yoast_head":"<!-- This site is optimized with the Yoast SEO plugin v20.7 - https:\/\/yoast.com\/wordpress\/plugins\/seo\/ -->\n<title>Implantology Clinic - R\u012bgas Stradi\u0146a universit\u0101tes stomatolo\u0123ijas instit\u016bts<\/title>\n<meta name=\"description\" content=\"Pacientu \u0113rt\u012bbai zobu implant\u0101tu ievieto\u0161anas un protez\u0113\u0161anas pakalpojumi ir pieejami gan R\u012bgas centr\u0101, gan P\u0101rdaugav\u0101.\" \/>\n<meta name=\"robots\" content=\"index, follow, max-snippet:-1, max-image-preview:large, max-video-preview:-1\" \/>\n<link rel=\"canonical\" href=\"https:\/\/stomatologijasinstituts.lv\/en\/services\/implantology-clinic\/\" \/>\n<meta property=\"og:locale\" content=\"en_US\" \/>\n<meta property=\"og:type\" content=\"article\" \/>\n<meta property=\"og:title\" content=\"Implantology Clinic - R\u012bgas Stradi\u0146a universit\u0101tes stomatolo\u0123ijas instit\u016bts\" \/>\n<meta property=\"og:description\" content=\"Pacientu \u0113rt\u012bbai zobu implant\u0101tu ievieto\u0161anas un protez\u0113\u0161anas pakalpojumi ir pieejami gan R\u012bgas centr\u0101, gan P\u0101rdaugav\u0101.\" \/>\n<meta property=\"og:url\" content=\"https:\/\/stomatologijasinstituts.lv\/en\/services\/implantology-clinic\/\" \/>\n<meta property=\"og:site_name\" content=\"R\u012bgas Stradi\u0146a universit\u0101tes stomatolo\u0123ijas instit\u016bts\" \/>\n<meta property=\"article:modified_time\" content=\"2023-05-10T08:19:00+00:00\" \/>\n<meta property=\"og:image\" content=\"https:\/\/stomatologijasinstituts.lv\/wp-content\/uploads\/2022\/09\/rsu.png\" \/>\n\t<meta property=\"og:image:width\" content=\"600\" \/>\n\t<meta property=\"og:image:height\" content=\"600\" \/>\n\t<meta property=\"og:image:type\" content=\"image\/png\" \/>\n<meta name=\"twitter:card\" content=\"summary_large_image\" \/>\n<script type=\"application\/ld+json\" class=\"yoast-schema-graph\">{\"@context\":\"https:\/\/schema.org\",\"@graph\":[{\"@type\":\"WebPage\",\"@id\":\"https:\/\/stomatologijasinstituts.lv\/en\/services\/implantology-clinic\/\",\"url\":\"https:\/\/stomatologijasinstituts.lv\/en\/services\/implantology-clinic\/\",\"name\":\"Implantology Clinic - R\u012bgas Stradi\u0146a universit\u0101tes stomatolo\u0123ijas instit\u016bts\",\"isPartOf\":{\"@id\":\"https:\/\/stomatologijasinstituts.lv\/en\/#website\"},\"datePublished\":\"2022-07-11T06:53:38+00:00\",\"dateModified\":\"2023-05-10T08:19:00+00:00\",\"description\":\"Pacientu \u0113rt\u012bbai zobu implant\u0101tu ievieto\u0161anas un protez\u0113\u0161anas pakalpojumi ir pieejami gan R\u012bgas centr\u0101, gan P\u0101rdaugav\u0101.\",\"breadcrumb\":{\"@id\":\"https:\/\/stomatologijasinstituts.lv\/en\/services\/implantology-clinic\/#breadcrumb\"},\"inLanguage\":\"en-US\",\"potentialAction\":[{\"@type\":\"ReadAction\",\"target\":[\"https:\/\/stomatologijasinstituts.lv\/en\/services\/implantology-clinic\/\"]}]},{\"@type\":\"BreadcrumbList\",\"@id\":\"https:\/\/stomatologijasinstituts.lv\/en\/services\/implantology-clinic\/#breadcrumb\",\"itemListElement\":[{\"@type\":\"ListItem\",\"position\":1,\"name\":\"Home\",\"item\":\"https:\/\/stomatologijasinstituts.lv\/en\/\"},{\"@type\":\"ListItem\",\"position\":2,\"name\":\"Services\",\"item\":\"https:\/\/stomatologijasinstituts.lv\/en\/services\/\"},{\"@type\":\"ListItem\",\"position\":3,\"name\":\"Implantology Clinic\"}]},{\"@type\":\"WebSite\",\"@id\":\"https:\/\/stomatologijasinstituts.lv\/en\/#website\",\"url\":\"https:\/\/stomatologijasinstituts.lv\/en\/\",\"name\":\"R\u012bgas Stradi\u0146a universit\u0101tes stomatolo\u0123ijas instit\u016bts\",\"description\":\"R\u012bgas Stradi\u0146a universit\u0101tes stomatolo\u0123ijas instit\u016bts\",\"potentialAction\":[{\"@type\":\"SearchAction\",\"target\":{\"@type\":\"EntryPoint\",\"urlTemplate\":\"https:\/\/stomatologijasinstituts.lv\/en\/?s={search_term_string}\"},\"query-input\":\"required name=search_term_string\"}],\"inLanguage\":\"en-US\"}]}<\/script>\n<!-- \/ Yoast SEO plugin. -->","yoast_head_json":{"title":"Implantology Clinic - R\u012bgas Stradi\u0146a universit\u0101tes stomatolo\u0123ijas instit\u016bts","description":"Pacientu \u0113rt\u012bbai zobu implant\u0101tu ievieto\u0161anas un protez\u0113\u0161anas pakalpojumi ir pieejami gan R\u012bgas centr\u0101, gan P\u0101rdaugav\u0101.","robots":{"index":"index","follow":"follow","max-snippet":"max-snippet:-1","max-image-preview":"max-image-preview:large","max-video-preview":"max-video-preview:-1"},"canonical":"https:\/\/stomatologijasinstituts.lv\/en\/services\/implantology-clinic\/","og_locale":"en_US","og_type":"article","og_title":"Implantology Clinic - R\u012bgas Stradi\u0146a universit\u0101tes stomatolo\u0123ijas instit\u016bts","og_description":"Pacientu \u0113rt\u012bbai zobu implant\u0101tu ievieto\u0161anas un protez\u0113\u0161anas pakalpojumi ir pieejami gan R\u012bgas centr\u0101, gan P\u0101rdaugav\u0101.","og_url":"https:\/\/stomatologijasinstituts.lv\/en\/services\/implantology-clinic\/","og_site_name":"R\u012bgas Stradi\u0146a universit\u0101tes stomatolo\u0123ijas instit\u016bts","article_modified_time":"2023-05-10T08:19:00+00:00","og_image":[{"width":600,"height":600,"url":"https:\/\/stomatologijasinstituts.lv\/wp-content\/uploads\/2022\/09\/rsu.png","type":"image\/png"}],"twitter_card":"summary_large_image","schema":{"@context":"https:\/\/schema.org","@graph":[{"@type":"WebPage","@id":"https:\/\/stomatologijasinstituts.lv\/en\/services\/implantology-clinic\/","url":"https:\/\/stomatologijasinstituts.lv\/en\/services\/implantology-clinic\/","name":"Implantology Clinic - R\u012bgas Stradi\u0146a universit\u0101tes stomatolo\u0123ijas instit\u016bts","isPartOf":{"@id":"https:\/\/stomatologijasinstituts.lv\/en\/#website"},"datePublished":"2022-07-11T06:53:38+00:00","dateModified":"2023-05-10T08:19:00+00:00","description":"Pacientu \u0113rt\u012bbai zobu implant\u0101tu ievieto\u0161anas un protez\u0113\u0161anas pakalpojumi ir pieejami gan R\u012bgas centr\u0101, gan P\u0101rdaugav\u0101.","breadcrumb":{"@id":"https:\/\/stomatologijasinstituts.lv\/en\/services\/implantology-clinic\/#breadcrumb"},"inLanguage":"en-US","potentialAction":[{"@type":"ReadAction","target":["https:\/\/stomatologijasinstituts.lv\/en\/services\/implantology-clinic\/"]}]},{"@type":"BreadcrumbList","@id":"https:\/\/stomatologijasinstituts.lv\/en\/services\/implantology-clinic\/#breadcrumb","itemListElement":[{"@type":"ListItem","position":1,"name":"Home","item":"https:\/\/stomatologijasinstituts.lv\/en\/"},{"@type":"ListItem","position":2,"name":"Services","item":"https:\/\/stomatologijasinstituts.lv\/en\/services\/"},{"@type":"ListItem","position":3,"name":"Implantology Clinic"}]},{"@type":"WebSite","@id":"https:\/\/stomatologijasinstituts.lv\/en\/#website","url":"https:\/\/stomatologijasinstituts.lv\/en\/","name":"R\u012bgas Stradi\u0146a universit\u0101tes stomatolo\u0123ijas instit\u016bts","description":"R\u012bgas Stradi\u0146a universit\u0101tes stomatolo\u0123ijas instit\u016bts","potentialAction":[{"@type":"SearchAction","target":{"@type":"EntryPoint","urlTemplate":"https:\/\/stomatologijasinstituts.lv\/en\/?s={search_term_string}"},"query-input":"required name=search_term_string"}],"inLanguage":"en-US"}]}},"_links":{"self":[{"href":"https:\/\/stomatologijasinstituts.lv\/en\/wp-json\/wp\/v2\/pages\/3279"}],"collection":[{"href":"https:\/\/stomatologijasinstituts.lv\/en\/wp-json\/wp\/v2\/pages"}],"about":[{"href":"https:\/\/stomatologijasinstituts.lv\/en\/wp-json\/wp\/v2\/types\/page"}],"author":[{"embeddable":true,"href":"https:\/\/stomatologijasinstituts.lv\/en\/wp-json\/wp\/v2\/users\/1"}],"replies":[{"embeddable":true,"href":"https:\/\/stomatologijasinstituts.lv\/en\/wp-json\/wp\/v2\/comments?post=3279"}],"version-history":[{"count":3,"href":"https:\/\/stomatologijasinstituts.lv\/en\/wp-json\/wp\/v2\/pages\/3279\/revisions"}],"predecessor-version":[{"id":3814,"href":"https:\/\/stomatologijasinstituts.lv\/en\/wp-json\/wp\/v2\/pages\/3279\/revisions\/3814"}],"up":[{"embeddable":true,"href":"https:\/\/stomatologijasinstituts.lv\/en\/wp-json\/wp\/v2\/pages\/3297"}],"wp:attachment":[{"href":"https:\/\/stomatologijasinstituts.lv\/en\/wp-json\/wp\/v2\/media?parent=3279"}],"curies":[{"name":"wp","href":"https:\/\/api.w.org\/{rel}","templated":true}]}}