{"id":3258,"date":"2022-07-11T08:49:19","date_gmt":"2022-07-11T08:49:19","guid":{"rendered":"https:\/\/stomatologijasinstituts.lv\/akuta-palidziba\/"},"modified":"2023-05-10T10:15:31","modified_gmt":"2023-05-10T08:15:31","slug":"acute-care","status":"publish","type":"page","link":"https:\/\/stomatologijasinstituts.lv\/en\/services\/acute-care\/","title":{"rendered":"Acute care"},"content":{"rendered":"\n<h2 class=\"wp-block-heading\">Oral and maxillofacial surgery clinic<\/h2>\n\n\n\n<p>The clinic provides assistance in cases of toothache, dental trauma, acute functional disorders, swelling, inflammation, infection and pain in the oral, maxillofacial and other acute areas.<\/p>\n\n\n\n<p>Each patient with an acute problem is put on a waiting list and informed of the next available <strong>appointment time on the same or next day<\/strong>.<\/p>\n\n\n\n<p>In acute cases, the full range of care required cannot always be provided on an outpatient basis. After a medical examination and\/or initial care, as indicated, the patient may be referred to the Pauls Stradi\u0146\u0161 Clinical University Hospital for further care.<\/p>\n\n\n\n<p>To apply for care:<\/p>\n\n\n\n<ul><li>by calling reception&nbsp;\u2013 +371 67455586<\/li><li>by coming in person.<\/li><\/ul>\n\n\n\n<p>Acute care at the Oral and Maxillofacial Surgery Clinic is available on weekdays from 8:00-20:00 and on Saturdays from 9:00-15:00, closed on Sundays.<\/p>\n\n\n\n<h2 class=\"wp-block-heading\">Dental Clinic<\/h2>\n\n\n\n<h3 class=\"wp-block-heading\">For adults<\/h3>\n\n\n\n<p>First aid for toothache.<\/p>\n\n\n\n<p>No endodontic root canal treatment during acute admission (appointment with an endodontist required).<\/p>\n\n\n\n<p>The dentist on duty accepts patients on a first-come, first-served basis. Please call reception before coming to the Institute: +371 67455586<\/p>\n\n\n\n<p>Opening hours on weekdays 8:00-20:00 and Saturdays 9:00-15:00, closed on Sundays.<\/p>\n\n\n\n<h3 class=\"wp-block-heading\">For children<\/h3>\n\n\n\n<p>Acute care is provided for dental injuries and acute inflammation (abscessed, swollen teeth) for children up to 18&nbsp;years of age.<\/p>\n\n\n\n<p>Patients who have started treatment at another clinic must bring a referral from their doctor.<\/p>\n\n\n\n<p>Planned manipulations such as dental fillings, aesthetic restorations, extractions of mobile milk teeth are not performed during acute admission.<\/p>\n\n\n\n<p>The dentist on duty is available by appointment only. To make an appointment, call the reception: +371 67455586<\/p>\n\n\n\n<p>Opening hours of the Children&#8217;s Department are on weekdays from 8:00-19:00.<br>Closed on Saturdays and Sundays.<\/p>\n","protected":false},"excerpt":{"rendered":"<p>Oral and maxillofacial surgery clinic The clinic provides assistance in cases of toothache, dental trauma, acute functional disorders, swelling, inflammation, infection and pain in the oral, maxillofacial and other acute areas. Each patient with an acute problem is put on a waiting list and informed of the next available appointment time on the same or [&hellip;]<\/p>\n","protected":false},"author":1,"featured_media":0,"parent":3297,"menu_order":0,"comment_status":"closed","ping_status":"closed","template":"","meta":{"inline_featured_image":false},"acf":[],"yoast_head":"<!-- This site is optimized with the Yoast SEO plugin v20.7 - https:\/\/yoast.com\/wordpress\/plugins\/seo\/ -->\n<title>Acute care - R\u012bgas Stradi\u0146a universit\u0101tes stomatolo\u0123ijas instit\u016bts<\/title>\n<meta name=\"description\" content=\"Mutes, sejas un \u017eok\u013cu \u0137irur\u0123ijas kl\u012bnik\u0101 sniedz pal\u012bdz\u012bbu zobu s\u0101pju, zobu traumu, ak\u016btu funkcijas trauc\u0113jumu, piet\u016bkumu, iekaisumu, infekciju un s\u0101pju mutes, sejas un \u017eok\u013cu rajon\u0101, k\u0101 ar\u012b citos ak\u016btos gad\u012bjumos.\" \/>\n<meta name=\"robots\" content=\"index, follow, max-snippet:-1, max-image-preview:large, max-video-preview:-1\" \/>\n<link rel=\"canonical\" href=\"https:\/\/stomatologijasinstituts.lv\/en\/services\/acute-care\/\" \/>\n<meta property=\"og:locale\" content=\"en_US\" \/>\n<meta property=\"og:type\" content=\"article\" \/>\n<meta property=\"og:title\" content=\"Acute care - R\u012bgas Stradi\u0146a universit\u0101tes stomatolo\u0123ijas instit\u016bts\" \/>\n<meta property=\"og:description\" content=\"Mutes, sejas un \u017eok\u013cu \u0137irur\u0123ijas kl\u012bnik\u0101 sniedz pal\u012bdz\u012bbu zobu s\u0101pju, zobu traumu, ak\u016btu funkcijas trauc\u0113jumu, piet\u016bkumu, iekaisumu, infekciju un s\u0101pju mutes, sejas un \u017eok\u013cu rajon\u0101, k\u0101 ar\u012b citos ak\u016btos gad\u012bjumos.\" \/>\n<meta property=\"og:url\" content=\"https:\/\/stomatologijasinstituts.lv\/en\/services\/acute-care\/\" \/>\n<meta property=\"og:site_name\" content=\"R\u012bgas Stradi\u0146a universit\u0101tes stomatolo\u0123ijas instit\u016bts\" \/>\n<meta property=\"article:modified_time\" content=\"2023-05-10T08:15:31+00:00\" \/>\n<meta property=\"og:image\" content=\"https:\/\/stomatologijasinstituts.lv\/wp-content\/uploads\/2022\/09\/rsu.png\" \/>\n\t<meta property=\"og:image:width\" content=\"600\" \/>\n\t<meta property=\"og:image:height\" content=\"600\" \/>\n\t<meta property=\"og:image:type\" content=\"image\/png\" \/>\n<meta name=\"twitter:card\" content=\"summary_large_image\" \/>\n<meta name=\"twitter:label1\" content=\"Est. reading time\" \/>\n\t<meta name=\"twitter:data1\" content=\"2 minutes\" \/>\n<script type=\"application\/ld+json\" class=\"yoast-schema-graph\">{\"@context\":\"https:\/\/schema.org\",\"@graph\":[{\"@type\":\"WebPage\",\"@id\":\"https:\/\/stomatologijasinstituts.lv\/en\/services\/acute-care\/\",\"url\":\"https:\/\/stomatologijasinstituts.lv\/en\/services\/acute-care\/\",\"name\":\"Acute care - R\u012bgas Stradi\u0146a universit\u0101tes stomatolo\u0123ijas instit\u016bts\",\"isPartOf\":{\"@id\":\"https:\/\/stomatologijasinstituts.lv\/en\/#website\"},\"datePublished\":\"2022-07-11T08:49:19+00:00\",\"dateModified\":\"2023-05-10T08:15:31+00:00\",\"description\":\"Mutes, sejas un \u017eok\u013cu \u0137irur\u0123ijas kl\u012bnik\u0101 sniedz pal\u012bdz\u012bbu zobu s\u0101pju, zobu traumu, ak\u016btu funkcijas trauc\u0113jumu, piet\u016bkumu, iekaisumu, infekciju un s\u0101pju mutes, sejas un \u017eok\u013cu rajon\u0101, k\u0101 ar\u012b citos ak\u016btos gad\u012bjumos.\",\"breadcrumb\":{\"@id\":\"https:\/\/stomatologijasinstituts.lv\/en\/services\/acute-care\/#breadcrumb\"},\"inLanguage\":\"en-US\",\"potentialAction\":[{\"@type\":\"ReadAction\",\"target\":[\"https:\/\/stomatologijasinstituts.lv\/en\/services\/acute-care\/\"]}]},{\"@type\":\"BreadcrumbList\",\"@id\":\"https:\/\/stomatologijasinstituts.lv\/en\/services\/acute-care\/#breadcrumb\",\"itemListElement\":[{\"@type\":\"ListItem\",\"position\":1,\"name\":\"Home\",\"item\":\"https:\/\/stomatologijasinstituts.lv\/en\/\"},{\"@type\":\"ListItem\",\"position\":2,\"name\":\"Services\",\"item\":\"https:\/\/stomatologijasinstituts.lv\/en\/services\/\"},{\"@type\":\"ListItem\",\"position\":3,\"name\":\"Acute care\"}]},{\"@type\":\"WebSite\",\"@id\":\"https:\/\/stomatologijasinstituts.lv\/en\/#website\",\"url\":\"https:\/\/stomatologijasinstituts.lv\/en\/\",\"name\":\"R\u012bgas Stradi\u0146a universit\u0101tes stomatolo\u0123ijas instit\u016bts\",\"description\":\"R\u012bgas Stradi\u0146a universit\u0101tes stomatolo\u0123ijas instit\u016bts\",\"potentialAction\":[{\"@type\":\"SearchAction\",\"target\":{\"@type\":\"EntryPoint\",\"urlTemplate\":\"https:\/\/stomatologijasinstituts.lv\/en\/?s={search_term_string}\"},\"query-input\":\"required name=search_term_string\"}],\"inLanguage\":\"en-US\"}]}<\/script>\n<!-- \/ Yoast SEO plugin. -->","yoast_head_json":{"title":"Acute care - R\u012bgas Stradi\u0146a universit\u0101tes stomatolo\u0123ijas instit\u016bts","description":"Mutes, sejas un \u017eok\u013cu \u0137irur\u0123ijas kl\u012bnik\u0101 sniedz pal\u012bdz\u012bbu zobu s\u0101pju, zobu traumu, ak\u016btu funkcijas trauc\u0113jumu, piet\u016bkumu, iekaisumu, infekciju un s\u0101pju mutes, sejas un \u017eok\u013cu rajon\u0101, k\u0101 ar\u012b citos ak\u016btos gad\u012bjumos.","robots":{"index":"index","follow":"follow","max-snippet":"max-snippet:-1","max-image-preview":"max-image-preview:large","max-video-preview":"max-video-preview:-1"},"canonical":"https:\/\/stomatologijasinstituts.lv\/en\/services\/acute-care\/","og_locale":"en_US","og_type":"article","og_title":"Acute care - R\u012bgas Stradi\u0146a universit\u0101tes stomatolo\u0123ijas instit\u016bts","og_description":"Mutes, sejas un \u017eok\u013cu \u0137irur\u0123ijas kl\u012bnik\u0101 sniedz pal\u012bdz\u012bbu zobu s\u0101pju, zobu traumu, ak\u016btu funkcijas trauc\u0113jumu, piet\u016bkumu, iekaisumu, infekciju un s\u0101pju mutes, sejas un \u017eok\u013cu rajon\u0101, k\u0101 ar\u012b citos ak\u016btos gad\u012bjumos.","og_url":"https:\/\/stomatologijasinstituts.lv\/en\/services\/acute-care\/","og_site_name":"R\u012bgas Stradi\u0146a universit\u0101tes stomatolo\u0123ijas instit\u016bts","article_modified_time":"2023-05-10T08:15:31+00:00","og_image":[{"width":600,"height":600,"url":"https:\/\/stomatologijasinstituts.lv\/wp-content\/uploads\/2022\/09\/rsu.png","type":"image\/png"}],"twitter_card":"summary_large_image","twitter_misc":{"Est. reading time":"2 minutes"},"schema":{"@context":"https:\/\/schema.org","@graph":[{"@type":"WebPage","@id":"https:\/\/stomatologijasinstituts.lv\/en\/services\/acute-care\/","url":"https:\/\/stomatologijasinstituts.lv\/en\/services\/acute-care\/","name":"Acute care - R\u012bgas Stradi\u0146a universit\u0101tes stomatolo\u0123ijas instit\u016bts","isPartOf":{"@id":"https:\/\/stomatologijasinstituts.lv\/en\/#website"},"datePublished":"2022-07-11T08:49:19+00:00","dateModified":"2023-05-10T08:15:31+00:00","description":"Mutes, sejas un \u017eok\u013cu \u0137irur\u0123ijas kl\u012bnik\u0101 sniedz pal\u012bdz\u012bbu zobu s\u0101pju, zobu traumu, ak\u016btu funkcijas trauc\u0113jumu, piet\u016bkumu, iekaisumu, infekciju un s\u0101pju mutes, sejas un \u017eok\u013cu rajon\u0101, k\u0101 ar\u012b citos ak\u016btos gad\u012bjumos.","breadcrumb":{"@id":"https:\/\/stomatologijasinstituts.lv\/en\/services\/acute-care\/#breadcrumb"},"inLanguage":"en-US","potentialAction":[{"@type":"ReadAction","target":["https:\/\/stomatologijasinstituts.lv\/en\/services\/acute-care\/"]}]},{"@type":"BreadcrumbList","@id":"https:\/\/stomatologijasinstituts.lv\/en\/services\/acute-care\/#breadcrumb","itemListElement":[{"@type":"ListItem","position":1,"name":"Home","item":"https:\/\/stomatologijasinstituts.lv\/en\/"},{"@type":"ListItem","position":2,"name":"Services","item":"https:\/\/stomatologijasinstituts.lv\/en\/services\/"},{"@type":"ListItem","position":3,"name":"Acute care"}]},{"@type":"WebSite","@id":"https:\/\/stomatologijasinstituts.lv\/en\/#website","url":"https:\/\/stomatologijasinstituts.lv\/en\/","name":"R\u012bgas Stradi\u0146a universit\u0101tes stomatolo\u0123ijas instit\u016bts","description":"R\u012bgas Stradi\u0146a universit\u0101tes stomatolo\u0123ijas instit\u016bts","potentialAction":[{"@type":"SearchAction","target":{"@type":"EntryPoint","urlTemplate":"https:\/\/stomatologijasinstituts.lv\/en\/?s={search_term_string}"},"query-input":"required name=search_term_string"}],"inLanguage":"en-US"}]}},"_links":{"self":[{"href":"https:\/\/stomatologijasinstituts.lv\/en\/wp-json\/wp\/v2\/pages\/3258"}],"collection":[{"href":"https:\/\/stomatologijasinstituts.lv\/en\/wp-json\/wp\/v2\/pages"}],"about":[{"href":"https:\/\/stomatologijasinstituts.lv\/en\/wp-json\/wp\/v2\/types\/page"}],"author":[{"embeddable":true,"href":"https:\/\/stomatologijasinstituts.lv\/en\/wp-json\/wp\/v2\/users\/1"}],"replies":[{"embeddable":true,"href":"https:\/\/stomatologijasinstituts.lv\/en\/wp-json\/wp\/v2\/comments?post=3258"}],"version-history":[{"count":3,"href":"https:\/\/stomatologijasinstituts.lv\/en\/wp-json\/wp\/v2\/pages\/3258\/revisions"}],"predecessor-version":[{"id":3810,"href":"https:\/\/stomatologijasinstituts.lv\/en\/wp-json\/wp\/v2\/pages\/3258\/revisions\/3810"}],"up":[{"embeddable":true,"href":"https:\/\/stomatologijasinstituts.lv\/en\/wp-json\/wp\/v2\/pages\/3297"}],"wp:attachment":[{"href":"https:\/\/stomatologijasinstituts.lv\/en\/wp-json\/wp\/v2\/media?parent=3258"}],"curies":[{"name":"wp","href":"https:\/\/api.w.org\/{rel}","templated":true}]}}