{"id":3251,"date":"2022-03-24T09:50:45","date_gmt":"2022-03-24T09:50:45","guid":{"rendered":"https:\/\/stomatologijasinstituts.lv\/homepage\/"},"modified":"2024-06-27T07:30:50","modified_gmt":"2024-06-27T05:30:50","slug":"homepage","status":"publish","type":"page","link":"https:\/\/stomatologijasinstituts.lv\/en\/","title":{"rendered":"Home"},"content":{"rendered":"\n<div class=\"wp-block-columns is-layout-flex wp-container-2\">\n<div class=\"wp-block-column is-layout-flow\">\r\n\r\n<style>\r\n    .stom-header-promo {\r\n        margin-top: 0;\r\n        margin-bottom: 150px;\r\n    }\r\n    @media only screen and (max-width: 767px) {\r\n        .stom-header-promo {\r\n            margin-top: 0;\r\n            margin-bottom: 60px;\r\n        }\r\n    }\r\n<\/style>\r\n\r\n    <script>\r\n            function showVideo() {\r\n            var element = document.getElementById('stom-header-intro-video');\r\n            element.classList.add('is-visible');\r\n        }\r\n    <\/script>\r\n\r\n<div class=\"stom-header-promo has-video \">\r\n    <div class=\"text\">\r\n\r\n        \r\n        <h1>An industry leader in the Baltics \u2013 modern, knowledgeable, international<\/h1>\r\n                <div class=\"desc\">\r\n            <div class=\"desc\">\n<p>Every patient is offered high-quality, multidisciplinary treatment with state-of-the-art technology.<\/p>\n<\/div>\n        <\/div>\r\n                <div class=\"data\">\r\n                        <div class=\"item\">\r\n                <div class=\"icon\">\r\n                    <img decoding=\"async\" class=\"svg-convert\" src=\"https:\/\/stomatologijasinstituts.lv\/wp-content\/themes\/stomatologija\/assets\/img\/icon-location-1.svg\" alt=\"Dzirciema iela 20, R\u012bga\">\r\n                <\/div>\r\n                <div class=\"value\">\r\n\r\n                                        <a href=\"https:\/\/www.google.com\/maps\/place\/Institute+of+Stomatology\/@56.9547939,24.0517768,17z\/data=!3m1!4b1!4m5!3m4!1s0x46eecffe1d671469:0x64baaa0888caff35!8m2!3d56.954791!4d24.0539655\" target=\"_blank\">\r\n                                            Dzirciema iela 20, R\u012bga                                        <\/a>\r\n                    \r\n                <\/div>\r\n            <\/div>\r\n            \r\n                        <div class=\"item\">\r\n                <div class=\"icon\">\r\n                    <img decoding=\"async\" class=\"svg-convert\" src=\"https:\/\/stomatologijasinstituts.lv\/wp-content\/themes\/stomatologija\/assets\/img\/icon-phone-1.svg\" alt=\"67455586\">\r\n                <\/div>\r\n                <div class=\"value\">\r\n                    <a href=\"tel:67455586\" aria-label=\"67455586\">67455586<\/a>\r\n                <\/div>\r\n            <\/div>\r\n            \r\n        <\/div>\r\n    <\/div>\r\n    <div class=\"image\" >\r\n                            <div class=\"bg-video\">\r\n    \t\t\t<img decoding=\"async\" src=\"\" alt=\"R\u012bgas Stradi\u0146a universit\u0101tes stomatolo\u0123ijas instit\u016bts\">\r\n    \t\t\t<video autoplay loop muted playsinline oncanplaythrough=\"showVideo()\" id=\"stom-header-intro-video\">\r\n    \t\t\t\t<source src=\"https:\/\/stomatologijasinstituts.lv\/wp-content\/uploads\/2022\/12\/12.21.22_Web_video_labojums.mp4\" type=\"video\/mp4\">\r\n    \t\t\t\t<source src=\"https:\/\/stomatologijasinstituts.lv\/wp-content\/uploads\/2022\/06\/video1.webm\" type=\"video\/webm\">\r\n    \t\t\t\tSorry, your browser doesn&#8217;t support embedded videos.\r\n    \t\t\t<\/video>\r\n    \t\t<\/div>\r\n            <\/div>\r\n<\/div>\r\n\r\n\n\n\r\n    <style>\r\n        .stom-categories {\r\n            margin-top: 0;\r\n            margin-bottom: 100px;\r\n        }\r\n        @media only screen and (max-width: 767px) {\r\n            .stom-categories {\r\n                margin-top: 0;\r\n                margin-bottom: 40px;\r\n            }\r\n        }\r\n    <\/style>\r\n\r\n    <div class=\"stom-categories\">\r\n        <div class=\"item-list\">\r\n\r\n                        <div class=\"item\">\r\n                <a href=\"https:\/\/stomatologijasinstituts.lv\/en\/services\/dental-clinic\/\" target=\"\">Dental Clinic <span class=\"arrow\"><\/span><\/a>\r\n            <\/div>\r\n                        <div class=\"item\">\r\n                <a href=\"https:\/\/stomatologijasinstituts.lv\/en\/services\/prosthodontics-clinic\/\" target=\"\">Prosthodontics Clinic <span class=\"arrow\"><\/span><\/a>\r\n            <\/div>\r\n                        <div class=\"item\">\r\n                <a href=\"https:\/\/stomatologijasinstituts.lv\/en\/services\/orthodontics-clinic\/\" target=\"\">Orthodontics Clinic <span class=\"arrow\"><\/span><\/a>\r\n            <\/div>\r\n                        <div class=\"item\">\r\n                <a href=\"https:\/\/stomatologijasinstituts.lv\/en\/services\/oral-and-maxillofacial-surgery-clinic\/\" target=\"\">Oral and Maxillofacial Surgery Clinic <span class=\"arrow\"><\/span><\/a>\r\n            <\/div>\r\n                        <div class=\"item\">\r\n                <a href=\"https:\/\/stomatologijasinstituts.lv\/en\/services\/implantology-clinic\/\" target=\"\">Implantology Clinic <span class=\"arrow\"><\/span><\/a>\r\n            <\/div>\r\n                        <div class=\"item\">\r\n                <a href=\"https:\/\/stomatologijasinstituts.lv\/en\/services\/implantology-clinic\/\" target=\"\">Diagnostic Radiology <span class=\"arrow\"><\/span><\/a>\r\n            <\/div>\r\n                        <div class=\"item\">\r\n                <a href=\"https:\/\/stomatologijasinstituts.lv\/en\/services\/sleep-laboratory\/\" target=\"\">Sleep Laboratory <span class=\"arrow\"><\/span><\/a>\r\n            <\/div>\r\n                        <div class=\"item\">\r\n                <a href=\"https:\/\/stomatologijasinstituts.lv\/en\/services\/centre-of-oral-medicine\/\" target=\"\">Centre of Oral Medicine <span class=\"arrow\"><\/span><\/a>\r\n            <\/div>\r\n            \r\n        <\/div>\r\n    <\/div>\r\n\r\n<\/div>\n<\/div>\n\n\n\n<div class=\"wp-block-columns alignfull is-style-light-text has-background is-layout-flex wp-container-4\" style=\"background-color:#9e0039\">\n<div class=\"wp-block-column is-layout-flow\"><\/div>\n<\/div>\n\n\n\n<div class=\"wp-block-columns alignfull is-layout-flex wp-container-6\">\n<div class=\"wp-block-column is-layout-flow\"><\/div>\n<\/div>\n\n\n\r\n\r\n\r\n\r\n    \r\n    <div class=\"stom-map\">\r\n        <div class=\"map\">\r\n            <div class=\"born-container is-default\">\r\n                <div class=\"data\">\r\n\r\n                    <div class=\"item address\">\r\n                        <div class=\"icon\">\r\n                            <span><img decoding=\"async\" class=\"svg-convert\" src=\"https:\/\/stomatologijasinstituts.lv\/wp-content\/themes\/stomatologija\/assets\/img\/icon-location-2.svg\" alt=\"Dzirciema iela 20, R\u012bga LV-1002\"><\/span>\r\n                        <\/div>\r\n                        <div class=\"desc\">\r\n                            Dzirciema iela 20, R\u012bga LV-1002                        <\/div>\r\n                    <\/div>\r\n\r\n                                        <div class=\"item waze\">\r\n                        <div class=\"icon\">\r\n                            <a href=\"https:\/\/www.waze.com\/en-GB\/live-map\/directions\/dzirciema-iela-20-riga?to=place.w.15794746.157619775.7572610\" target=\"_blank\" tabindex=\"-1\"><img decoding=\"async\" class=\"svg-convert\" src=\"https:\/\/stomatologijasinstituts.lv\/wp-content\/themes\/stomatologija\/assets\/img\/icon-waze-1.svg\" alt=\"Waze\"><\/a>\r\n                        <\/div>\r\n                        <div class=\"desc\">\r\n                            <a href=\"https:\/\/www.waze.com\/en-GB\/live-map\/directions\/dzirciema-iela-20-riga?to=place.w.15794746.157619775.7572610\" target=\"_blank\" aria-label=\"Izmantot Waze navig\u0101ciju\">Waze<\/a>\r\n                        <\/div>\r\n                    <\/div>\r\n                    \r\n                                        <div class=\"item googlemaps\">\r\n                        <div class=\"icon\">\r\n                            <a href=\"https:\/\/www.google.com\/maps\/place\/Stomatologijas+Instituts,+Dzirciema+iela+20,+Kurzemes+rajons,+R%C4%ABga,+LV-1007\/@56.9548416,24.0520819,17z\/data=!3m1!4b1!4m5!3m4!1s0x46eecffe1d2a1dfb:0x2fea2904faf7725c!8m2!3d56.9548387!4d24.0542706\" target=\"_blank\" tabindex=\"-1\"><img decoding=\"async\" class=\"svg-convert\" src=\"https:\/\/stomatologijasinstituts.lv\/wp-content\/themes\/stomatologija\/assets\/img\/icon-googlemaps-1.svg\" alt=\"Google Maps\"><\/a>\r\n                        <\/div>\r\n                        <div class=\"desc\">\r\n                            <a href=\"https:\/\/www.google.com\/maps\/place\/Stomatologijas+Instituts,+Dzirciema+iela+20,+Kurzemes+rajons,+R%C4%ABga,+LV-1007\/@56.9548416,24.0520819,17z\/data=!3m1!4b1!4m5!3m4!1s0x46eecffe1d2a1dfb:0x2fea2904faf7725c!8m2!3d56.9548387!4d24.0542706\" target=\"_blank\" aria-label=\"Izmantot Google Maps navig\u0101ciju\">Google maps<\/a>\r\n                        <\/div>\r\n                    <\/div>\r\n                    \r\n                <\/div>\r\n            <\/div>\r\n            <iframe tabindex=\"-1\" src=\"https:\/\/www.google.com\/maps\/embed?pb=!1m14!1m12!1m3!1d2175.680607923966!2d24.05286451626428!3d56.954273206154305!2m3!1f0!2f0!3f0!3m2!1i1024!2i768!4f13.1!5e0!3m2!1sen!2slv!4v1646301594593!5m2!1sen!2slv\" width=\"600\" height=\"450\" style=\"border:0;\" allowfullscreen=\"\" loading=\"lazy\"><\/iframe>\r\n        <\/div>\r\n    <\/div>\r\n\r\n    \r\n\r\n\n\n\n<div class=\"wp-block-columns alignfull is-style-light-text has-background is-layout-flex wp-container-8\" style=\"background-color:#9e0039\">\n<div class=\"wp-block-column is-layout-flow\">\r\n\r\n\r\n\r\n\r\n    <style>\r\n        .stom-sign-up {\r\n            margin-top: 150px;\r\n            margin-bottom: 150px;\r\n        }\r\n        @media only screen and (max-width: 767px) {\r\n            .stom-sign-up {\r\n                margin-top: 60px;\r\n                margin-bottom: 60px;\r\n            }\r\n        }\r\n    <\/style>\r\n\r\n    <div class=\"stom-sign-up\">\r\n        <div class=\"content\">\r\n            <div class=\"left\">\r\n                <div class=\"heading\">\r\n                    <h2>Book a visit online<\/h2>\r\n                <\/div>\r\n                                <div class=\"desc\">\r\n                    <p>Apply for a visit online using the electronic appointment system offered by &#8220;Piearsta.lv&#8221;.<\/p>\n                <\/div>\r\n                            <\/div>\r\n            <div class=\"right\">\r\n                <div class=\"cta\">\r\n                    <a href=\"https:\/\/stomatologijasinstituts.lv\/en\/contacts\/\" target=\"\">Make an appointment<\/a>\r\n                <\/div>\r\n                                <span class=\"phone\"><p>or by calling <a href=\"tel:67455586\">67455586<\/a><\/p>\n<\/span>\r\n                            <\/div>\r\n        <\/div>\r\n    <\/div>\r\n\r\n<\/div>\n<\/div>\n","protected":false},"excerpt":{"rendered":"","protected":false},"author":1,"featured_media":0,"parent":0,"menu_order":0,"comment_status":"closed","ping_status":"closed","template":"","meta":{"inline_featured_image":false},"acf":[],"yoast_head":"<!-- This site is optimized with the Yoast SEO plugin v20.7 - https:\/\/yoast.com\/wordpress\/plugins\/seo\/ -->\n<title>R\u012bgas Stradi\u0146a universit\u0101tes stomatolo\u0123ijas instit\u016bts<\/title>\n<meta name=\"description\" content=\"RSU Stomatolo\u0123ijas instit\u016bts ir apr\u012bkots ar pasaul\u0113 m\u016bsdien\u012bg\u0101kaj\u0101m medic\u012bniskaj\u0101m iek\u0101rt\u0101m, t\u0101p\u0113c \u0101rstnieciskaj\u0101 darb\u0101 tiek izmantotas jaun\u0101k\u0101s tehnolo\u0123ijas un tehnikas stomatolo\u0123ij\u0101.\" \/>\n<meta name=\"robots\" content=\"index, follow, max-snippet:-1, max-image-preview:large, max-video-preview:-1\" \/>\n<link rel=\"canonical\" href=\"https:\/\/stomatologijasinstituts.lv\/en\/\" \/>\n<meta property=\"og:locale\" content=\"en_US\" \/>\n<meta property=\"og:type\" content=\"article\" \/>\n<meta property=\"og:title\" content=\"R\u012bgas Stradi\u0146a universit\u0101tes stomatolo\u0123ijas instit\u016bts\" \/>\n<meta property=\"og:description\" content=\"RSU Stomatolo\u0123ijas instit\u016bts ir apr\u012bkots ar pasaul\u0113 m\u016bsdien\u012bg\u0101kaj\u0101m medic\u012bniskaj\u0101m iek\u0101rt\u0101m, t\u0101p\u0113c \u0101rstnieciskaj\u0101 darb\u0101 tiek izmantotas jaun\u0101k\u0101s tehnolo\u0123ijas un tehnikas stomatolo\u0123ij\u0101.\" \/>\n<meta property=\"og:url\" content=\"https:\/\/stomatologijasinstituts.lv\/en\/\" \/>\n<meta property=\"og:site_name\" content=\"R\u012bgas Stradi\u0146a universit\u0101tes stomatolo\u0123ijas instit\u016bts\" \/>\n<meta property=\"article:modified_time\" content=\"2024-06-27T05:30:50+00:00\" \/>\n<meta property=\"og:image\" content=\"https:\/\/stomatologijasinstituts.lv\/wp-content\/uploads\/2022\/09\/rsu.png\" \/>\n\t<meta property=\"og:image:width\" content=\"600\" \/>\n\t<meta property=\"og:image:height\" content=\"600\" \/>\n\t<meta property=\"og:image:type\" content=\"image\/png\" \/>\n<meta name=\"twitter:card\" content=\"summary_large_image\" \/>\n<script type=\"application\/ld+json\" class=\"yoast-schema-graph\">{\"@context\":\"https:\/\/schema.org\",\"@graph\":[{\"@type\":\"WebPage\",\"@id\":\"https:\/\/stomatologijasinstituts.lv\/en\/\",\"url\":\"https:\/\/stomatologijasinstituts.lv\/en\/\",\"name\":\"R\u012bgas Stradi\u0146a universit\u0101tes stomatolo\u0123ijas instit\u016bts\",\"isPartOf\":{\"@id\":\"https:\/\/stomatologijasinstituts.lv\/en\/#website\"},\"datePublished\":\"2022-03-24T09:50:45+00:00\",\"dateModified\":\"2024-06-27T05:30:50+00:00\",\"description\":\"RSU Stomatolo\u0123ijas instit\u016bts ir apr\u012bkots ar pasaul\u0113 m\u016bsdien\u012bg\u0101kaj\u0101m medic\u012bniskaj\u0101m iek\u0101rt\u0101m, t\u0101p\u0113c \u0101rstnieciskaj\u0101 darb\u0101 tiek izmantotas jaun\u0101k\u0101s tehnolo\u0123ijas un tehnikas stomatolo\u0123ij\u0101.\",\"breadcrumb\":{\"@id\":\"https:\/\/stomatologijasinstituts.lv\/en\/#breadcrumb\"},\"inLanguage\":\"en-US\",\"potentialAction\":[{\"@type\":\"ReadAction\",\"target\":[\"https:\/\/stomatologijasinstituts.lv\/en\/\"]}]},{\"@type\":\"BreadcrumbList\",\"@id\":\"https:\/\/stomatologijasinstituts.lv\/en\/#breadcrumb\",\"itemListElement\":[{\"@type\":\"ListItem\",\"position\":1,\"name\":\"Home\",\"item\":\"https:\/\/stomatologijasinstituts.lv\/en\/\"},{\"@type\":\"ListItem\",\"position\":2,\"name\":\"Home\"}]},{\"@type\":\"WebSite\",\"@id\":\"https:\/\/stomatologijasinstituts.lv\/en\/#website\",\"url\":\"https:\/\/stomatologijasinstituts.lv\/en\/\",\"name\":\"R\u012bgas Stradi\u0146a universit\u0101tes stomatolo\u0123ijas instit\u016bts\",\"description\":\"R\u012bgas Stradi\u0146a universit\u0101tes stomatolo\u0123ijas instit\u016bts\",\"potentialAction\":[{\"@type\":\"SearchAction\",\"target\":{\"@type\":\"EntryPoint\",\"urlTemplate\":\"https:\/\/stomatologijasinstituts.lv\/en\/?s={search_term_string}\"},\"query-input\":\"required name=search_term_string\"}],\"inLanguage\":\"en-US\"}]}<\/script>\n<!-- \/ Yoast SEO plugin. -->","yoast_head_json":{"title":"R\u012bgas Stradi\u0146a universit\u0101tes stomatolo\u0123ijas instit\u016bts","description":"RSU Stomatolo\u0123ijas instit\u016bts ir apr\u012bkots ar pasaul\u0113 m\u016bsdien\u012bg\u0101kaj\u0101m medic\u012bniskaj\u0101m iek\u0101rt\u0101m, t\u0101p\u0113c \u0101rstnieciskaj\u0101 darb\u0101 tiek izmantotas jaun\u0101k\u0101s tehnolo\u0123ijas un tehnikas stomatolo\u0123ij\u0101.","robots":{"index":"index","follow":"follow","max-snippet":"max-snippet:-1","max-image-preview":"max-image-preview:large","max-video-preview":"max-video-preview:-1"},"canonical":"https:\/\/stomatologijasinstituts.lv\/en\/","og_locale":"en_US","og_type":"article","og_title":"R\u012bgas Stradi\u0146a universit\u0101tes stomatolo\u0123ijas instit\u016bts","og_description":"RSU Stomatolo\u0123ijas instit\u016bts ir apr\u012bkots ar pasaul\u0113 m\u016bsdien\u012bg\u0101kaj\u0101m medic\u012bniskaj\u0101m iek\u0101rt\u0101m, t\u0101p\u0113c \u0101rstnieciskaj\u0101 darb\u0101 tiek izmantotas jaun\u0101k\u0101s tehnolo\u0123ijas un tehnikas stomatolo\u0123ij\u0101.","og_url":"https:\/\/stomatologijasinstituts.lv\/en\/","og_site_name":"R\u012bgas Stradi\u0146a universit\u0101tes stomatolo\u0123ijas instit\u016bts","article_modified_time":"2024-06-27T05:30:50+00:00","og_image":[{"width":600,"height":600,"url":"https:\/\/stomatologijasinstituts.lv\/wp-content\/uploads\/2022\/09\/rsu.png","type":"image\/png"}],"twitter_card":"summary_large_image","schema":{"@context":"https:\/\/schema.org","@graph":[{"@type":"WebPage","@id":"https:\/\/stomatologijasinstituts.lv\/en\/","url":"https:\/\/stomatologijasinstituts.lv\/en\/","name":"R\u012bgas Stradi\u0146a universit\u0101tes stomatolo\u0123ijas instit\u016bts","isPartOf":{"@id":"https:\/\/stomatologijasinstituts.lv\/en\/#website"},"datePublished":"2022-03-24T09:50:45+00:00","dateModified":"2024-06-27T05:30:50+00:00","description":"RSU Stomatolo\u0123ijas instit\u016bts ir apr\u012bkots ar pasaul\u0113 m\u016bsdien\u012bg\u0101kaj\u0101m medic\u012bniskaj\u0101m iek\u0101rt\u0101m, t\u0101p\u0113c \u0101rstnieciskaj\u0101 darb\u0101 tiek izmantotas jaun\u0101k\u0101s tehnolo\u0123ijas un tehnikas stomatolo\u0123ij\u0101.","breadcrumb":{"@id":"https:\/\/stomatologijasinstituts.lv\/en\/#breadcrumb"},"inLanguage":"en-US","potentialAction":[{"@type":"ReadAction","target":["https:\/\/stomatologijasinstituts.lv\/en\/"]}]},{"@type":"BreadcrumbList","@id":"https:\/\/stomatologijasinstituts.lv\/en\/#breadcrumb","itemListElement":[{"@type":"ListItem","position":1,"name":"Home","item":"https:\/\/stomatologijasinstituts.lv\/en\/"},{"@type":"ListItem","position":2,"name":"Home"}]},{"@type":"WebSite","@id":"https:\/\/stomatologijasinstituts.lv\/en\/#website","url":"https:\/\/stomatologijasinstituts.lv\/en\/","name":"R\u012bgas Stradi\u0146a universit\u0101tes stomatolo\u0123ijas instit\u016bts","description":"R\u012bgas Stradi\u0146a universit\u0101tes stomatolo\u0123ijas instit\u016bts","potentialAction":[{"@type":"SearchAction","target":{"@type":"EntryPoint","urlTemplate":"https:\/\/stomatologijasinstituts.lv\/en\/?s={search_term_string}"},"query-input":"required name=search_term_string"}],"inLanguage":"en-US"}]}},"_links":{"self":[{"href":"https:\/\/stomatologijasinstituts.lv\/en\/wp-json\/wp\/v2\/pages\/3251"}],"collection":[{"href":"https:\/\/stomatologijasinstituts.lv\/en\/wp-json\/wp\/v2\/pages"}],"about":[{"href":"https:\/\/stomatologijasinstituts.lv\/en\/wp-json\/wp\/v2\/types\/page"}],"author":[{"embeddable":true,"href":"https:\/\/stomatologijasinstituts.lv\/en\/wp-json\/wp\/v2\/users\/1"}],"replies":[{"embeddable":true,"href":"https:\/\/stomatologijasinstituts.lv\/en\/wp-json\/wp\/v2\/comments?post=3251"}],"version-history":[{"count":11,"href":"https:\/\/stomatologijasinstituts.lv\/en\/wp-json\/wp\/v2\/pages\/3251\/revisions"}],"predecessor-version":[{"id":3946,"href":"https:\/\/stomatologijasinstituts.lv\/en\/wp-json\/wp\/v2\/pages\/3251\/revisions\/3946"}],"wp:attachment":[{"href":"https:\/\/stomatologijasinstituts.lv\/en\/wp-json\/wp\/v2\/media?parent=3251"}],"curies":[{"name":"wp","href":"https:\/\/api.w.org\/{rel}","templated":true}]}}